{"id":997,"date":"2022-04-19T14:04:47","date_gmt":"2022-04-19T14:04:47","guid":{"rendered":"https:\/\/cyclosphera.com\/?page_id=997"},"modified":"2026-04-14T15:22:05","modified_gmt":"2026-04-14T15:22:05","slug":"botiga","status":"publish","type":"page","link":"https:\/\/cyclosphera.com\/ca\/botiga\/","title":{"rendered":"Botiga"},"content":{"rendered":"<section class=\"l-section wpb_row height_auto with_img\" id=\"slider\"><div class=\"l-section-img\" style=\"background-image: url(https:\/\/cyclosphera.com\/wp-content\/uploads\/2025\/12\/WhatsApp-Image-2025-12-22-at-12.44.04.jpeg);background-repeat: no-repeat;\" data-img-width=\"2048\" data-img-height=\"1536\"><\/div><div class=\"l-section-h i-cf\"><div class=\"g-cols via_grid cols_1 laptops-cols_inherit tablets-cols_inherit mobiles-cols_1 valign_top type_default\"><div class=\"wpb_column vc_column_container\"><div class=\"vc_column-inner\"><div class=\"w-separator size_custom\" style=\"height:250px\"><\/div><div class=\"wpb_text_column us_custom_a644fb4b has_text_color us_animate_this\"><div class=\"wpb_wrapper\"><h2 style=\"text-align: center;\"><strong>BOTIGA<\/strong><\/h2>\n<\/div><\/div><div class=\"w-separator size_custom\" style=\"height:250px\"><\/div><\/div><\/div><\/div><\/div><\/section><section class=\"l-section wpb_row height_medium\"><div class=\"l-section-h i-cf\"><div class=\"g-cols via_grid cols_2 laptops-cols_inherit tablets-cols_inherit mobiles-cols_1 valign_middle type_default\"><div class=\"wpb_column vc_column_container\"><div class=\"vc_column-inner\"><div class=\"w-image us_custom_8f7b07a9 img-esquerra us_animate_this align_none\" id=\"img-esquerra\"><div class=\"w-image-h\"><img loading=\"lazy\" decoding=\"async\" width=\"2560\" height=\"1707\" src=\"https:\/\/cyclosphera.com\/wp-content\/uploads\/2025\/11\/Cyclosphera-_-Nafent-_-Bianchi-04-scaled.jpg\" class=\"attachment-full size-full\" alt=\"\" srcset=\"https:\/\/cyclosphera.com\/wp-content\/uploads\/2025\/11\/Cyclosphera-_-Nafent-_-Bianchi-04-scaled.jpg 2560w, https:\/\/cyclosphera.com\/wp-content\/uploads\/2025\/11\/Cyclosphera-_-Nafent-_-Bianchi-04-300x200.jpg 300w, https:\/\/cyclosphera.com\/wp-content\/uploads\/2025\/11\/Cyclosphera-_-Nafent-_-Bianchi-04-1024x683.jpg 1024w, https:\/\/cyclosphera.com\/wp-content\/uploads\/2025\/11\/Cyclosphera-_-Nafent-_-Bianchi-04-600x400.jpg 600w, https:\/\/cyclosphera.com\/wp-content\/uploads\/2025\/11\/Cyclosphera-_-Nafent-_-Bianchi-04-800x533.jpg 800w, https:\/\/cyclosphera.com\/wp-content\/uploads\/2025\/11\/Cyclosphera-_-Nafent-_-Bianchi-04-375x250.jpg 375w\" sizes=\"auto, (max-width: 2560px) 100vw, 2560px\" \/><\/div><\/div><\/div><\/div><div class=\"wpb_column vc_column_container\"><div class=\"vc_column-inner\"><div class=\"w-separator size_small\"><\/div><div class=\"wpb_text_column\"><div class=\"wpb_wrapper\"><h3 style=\"text-align: center;\"><a href=\"https:\/\/cyclosphera.com\/venta-de-bicicletas\/\"><strong>Venta de bicicletes<\/strong><\/a><\/h3>\n<\/div><\/div><div class=\"w-separator size_custom with_line width_50 thick_3 style_solid color_secondary align_center\" style=\"height:20px\"><div class=\"w-separator-h\"><\/div><\/div><div class=\"w-separator size_small\"><\/div><div class=\"wpb_text_column\"><div class=\"wpb_wrapper\"><p style=\"text-align: center;\">Treballem amb les marques Premium CERV\u00c9LO, BIANCHI, PIVOT, SUNN, DARE, MMR y CRUSSIS. Muntatges a la carta disponibles amb diferents marques.<br \/>\nVols saber les bicicletes que tenim amb disponibilitat inmediata? <a href=\"https:\/\/cyclosphera.com\/venta-de-bicicletas\/\">Clica aqu\u00ed<\/a> i mira quina ser\u00e0 la teva pr\u00f3xima bicicleta!<br \/>\nServei de Tax Free per a pa\u00efsos de fora de la Uni\u00f3 Europea.<\/p>\n<\/div><\/div><\/div><\/div><\/div><\/div><\/section><!-- Row Backgrounds --><div class=\"upb_color\" data-bg-override=\"0\" data-bg-color=\"#ffffff\" data-fadeout=\"fadeout_row_value\" data-fadeout-percentage=\"100\" data-parallax-content=\"parallax_content_value\" data-parallax-content-sense=\"70\" data-row-effect-mobile-disable=\"true\" data-img-parallax-mobile-disable=\"true\" data-rtl=\"false\"  data-custom-vc-row=\"\"  data-vc=\"6.7.0\"  data-is_old_vc=\"\"  data-theme-support=\"\"   data-overlay=\"false\" data-overlay-color=\"\" data-overlay-pattern=\"\" data-overlay-pattern-opacity=\"\" data-overlay-pattern-size=\"\"    ><\/div><section class=\"l-section wpb_row height_medium\"><div class=\"l-section-h i-cf\"><div class=\"g-cols via_grid cols_2 laptops-cols_inherit tablets-cols_inherit mobiles-cols_1 valign_middle type_default reversed\"><div class=\"wpb_column vc_column_container\"><div class=\"vc_column-inner\"><div class=\"w-separator size_small\"><\/div><div class=\"wpb_text_column\"><div class=\"wpb_wrapper\"><h3 style=\"text-align: center;\"><strong>Venta d&#8217;accessoris i recanvis<\/strong><\/h3>\n<\/div><\/div><div class=\"w-separator size_custom with_line width_50 thick_3 style_solid color_secondary align_center\" style=\"height:20px\"><div class=\"w-separator-h\"><\/div><\/div><div class=\"w-separator size_small\"><\/div><div class=\"wpb_text_column\"><div class=\"wpb_wrapper\"><p style=\"text-align: center;\">Ampli ventall de recanvis i accessoris per la teva bicicleta. No tenim el que busques? Pregunta\u2019ns! Treballem amb molt\u00edssimes marques del sector i si no ho tenim a botiga, podem demanar-t\u2019ho.<\/p>\n<\/div><\/div><\/div><\/div><div class=\"wpb_column vc_column_container\"><div class=\"vc_column-inner\"><div class=\"w-image us_custom_ff13c409 img-dreta us_animate_this align_center\" id=\"img-dreta\"><div class=\"w-image-h\"><img loading=\"lazy\" decoding=\"async\" width=\"1024\" height=\"768\" src=\"https:\/\/cyclosphera.com\/wp-content\/uploads\/2022\/08\/venta-accessoris.jpeg\" class=\"attachment-full size-full\" alt=\"\" srcset=\"https:\/\/cyclosphera.com\/wp-content\/uploads\/2022\/08\/venta-accessoris.jpeg 1024w, https:\/\/cyclosphera.com\/wp-content\/uploads\/2022\/08\/venta-accessoris-300x225.jpeg 300w, https:\/\/cyclosphera.com\/wp-content\/uploads\/2022\/08\/venta-accessoris-533x400.jpeg 533w, https:\/\/cyclosphera.com\/wp-content\/uploads\/2022\/08\/venta-accessoris-800x600.jpeg 800w, https:\/\/cyclosphera.com\/wp-content\/uploads\/2022\/08\/venta-accessoris-333x250.jpeg 333w\" sizes=\"auto, (max-width: 1024px) 100vw, 1024px\" \/><\/div><\/div><\/div><\/div><\/div><\/div><\/section><!-- Row Backgrounds --><div class=\"upb_color\" data-bg-override=\"0\" data-bg-color=\"#e8e8e8\" data-fadeout=\"fadeout_row_value\" data-fadeout-percentage=\"100\" data-parallax-content=\"parallax_content_value\" data-parallax-content-sense=\"70\" data-row-effect-mobile-disable=\"true\" data-img-parallax-mobile-disable=\"true\" data-rtl=\"false\"  data-custom-vc-row=\"\"  data-vc=\"6.7.0\"  data-is_old_vc=\"\"  data-theme-support=\"\"   data-overlay=\"false\" data-overlay-color=\"\" data-overlay-pattern=\"\" data-overlay-pattern-opacity=\"\" data-overlay-pattern-size=\"\"    data-seperator=\"true\"  data-seperator-type=\"tilt_left_seperator\"  data-seperator-shape-size=\"40\"  data-seperator-svg-height=\"60\"  data-seperator-full-width=\"true\" data-seperator-position=\"top_seperator\"  data-seperator-background-color=\"#fff\"  data-icon=\"\"  ><\/div><section class=\"l-section wpb_row height_medium\"><div class=\"l-section-h i-cf\"><div class=\"g-cols via_grid cols_2 laptops-cols_inherit tablets-cols_inherit mobiles-cols_1 valign_middle type_default\"><div class=\"wpb_column vc_column_container\"><div class=\"vc_column-inner\"><div class=\"w-image us_custom_8f7b07a9 img-esquerra us_animate_this align_center\" id=\"img-esquerra\"><div class=\"w-image-h\"><img loading=\"lazy\" decoding=\"async\" width=\"1152\" height=\"2048\" src=\"https:\/\/cyclosphera.com\/wp-content\/uploads\/2025\/11\/WhatsApp-Image-2025-11-27-at-09.28.15-e1764232331882.jpeg\" class=\"attachment-full size-full\" alt=\"\" \/><\/div><\/div><\/div><\/div><div class=\"wpb_column vc_column_container\"><div class=\"vc_column-inner\"><div class=\"w-separator size_small\"><\/div><div class=\"wpb_text_column\"><div class=\"wpb_wrapper\"><h3 style=\"text-align: center;\"><strong>Refuel<\/strong><\/h3>\n<\/div><\/div><div class=\"w-separator size_custom with_line width_50 thick_3 style_solid color_secondary align_center\" style=\"height:20px\"><div class=\"w-separator-h\"><\/div><\/div><div class=\"w-separator size_small\"><\/div><div class=\"wpb_text_column\"><div class=\"wpb_wrapper\"><p style=\"text-align: center;\">Est\u00e0s en ruta i t\u2019has quedat sense barretes? O potser necessites emplenar els teus bidons? A la nostra botiga tens un apartat molt ampli de nutrici\u00f3 i a m\u00e9s, una nevera amb begudes i gels ben fresquets! A m\u00e9s, disposem de caf\u00e8!<br \/>\nDemana&#8217;ns assessorament per a escollir el que necessites.<br \/>\nTreballem amb les marques Maurten, Pillar i Etixx en nutrici\u00f3<\/p>\n<\/div><\/div><\/div><\/div><\/div><\/div><\/section><!-- Row Backgrounds --><div class=\"upb_color\" data-bg-override=\"0\" data-bg-color=\"#ffffff\" data-fadeout=\"fadeout_row_value\" data-fadeout-percentage=\"100\" data-parallax-content=\"parallax_content_value\" data-parallax-content-sense=\"70\" data-row-effect-mobile-disable=\"true\" data-img-parallax-mobile-disable=\"true\" data-rtl=\"false\"  data-custom-vc-row=\"\"  data-vc=\"6.7.0\"  data-is_old_vc=\"\"  data-theme-support=\"\"   data-overlay=\"false\" data-overlay-color=\"\" data-overlay-pattern=\"\" data-overlay-pattern-opacity=\"\" data-overlay-pattern-size=\"\"    ><\/div><section class=\"l-section wpb_row height_medium\"><div class=\"l-section-h i-cf\"><div class=\"g-cols via_grid cols_2 laptops-cols_inherit tablets-cols_inherit mobiles-cols_1 valign_middle type_default reversed\"><div class=\"wpb_column vc_column_container\"><div class=\"vc_column-inner\"><div class=\"w-separator size_small\"><\/div><div class=\"wpb_text_column\"><div class=\"wpb_wrapper\"><h3 style=\"text-align: center;\"><strong>TAX FREE<\/strong><\/h3>\n<\/div><\/div><div class=\"w-separator size_custom with_line width_50 thick_3 style_solid color_secondary align_center\" style=\"height:20px\"><div class=\"w-separator-h\"><\/div><\/div><div class=\"w-separator size_small\"><\/div><div class=\"wpb_text_column\"><div class=\"wpb_wrapper\"><p style=\"text-align: center;\">Tramitem, mitjan\u00e7ant Global Blue, el formulari de Tax Free per les compres de bicicletes, components i accessoris que es facin a la nostra botiga per tal que puguis optar al reembols de les taxes pagades. El proc\u00e9s \u00e9s molt senzill!<br \/>\n1. Compra amb nosaltres i t&#8217;ajudem a tramitar-ho en nom\u00e9s 5 minuts.<br \/>\n2. El dia de tornada a casa, passa per les aduanes amb la factura, el formulari i els articles comprats per la validaci\u00f3.<br \/>\n3. Global Blue et far\u00e0 el retorn d&#8217;aquestes taxes pagades.<\/p>\n<\/div><\/div><\/div><\/div><div class=\"wpb_column vc_column_container\"><div class=\"vc_column-inner\"><div class=\"w-image us_custom_ff13c409 img-dreta us_animate_this align_center\" id=\"img-dreta\"><div class=\"w-image-h\"><img loading=\"lazy\" decoding=\"async\" width=\"512\" height=\"512\" src=\"https:\/\/cyclosphera.com\/wp-content\/uploads\/2026\/04\/unnamed.png\" class=\"attachment-full size-full\" alt=\"\" srcset=\"https:\/\/cyclosphera.com\/wp-content\/uploads\/2026\/04\/unnamed.png 512w, https:\/\/cyclosphera.com\/wp-content\/uploads\/2026\/04\/unnamed-300x300.png 300w, https:\/\/cyclosphera.com\/wp-content\/uploads\/2026\/04\/unnamed-150x150.png 150w, https:\/\/cyclosphera.com\/wp-content\/uploads\/2026\/04\/unnamed-400x400.png 400w, https:\/\/cyclosphera.com\/wp-content\/uploads\/2026\/04\/unnamed-250x250.png 250w\" sizes=\"auto, (max-width: 512px) 100vw, 512px\" \/><\/div><\/div><\/div><\/div><\/div><\/div><\/section><!-- Row Backgrounds --><div class=\"upb_color\" data-bg-override=\"0\" data-bg-color=\"#e8e8e8\" data-fadeout=\"fadeout_row_value\" data-fadeout-percentage=\"100\" data-parallax-content=\"parallax_content_value\" data-parallax-content-sense=\"70\" data-row-effect-mobile-disable=\"true\" data-img-parallax-mobile-disable=\"true\" data-rtl=\"false\"  data-custom-vc-row=\"\"  data-vc=\"6.7.0\"  data-is_old_vc=\"\"  data-theme-support=\"\"   data-overlay=\"false\" data-overlay-color=\"\" data-overlay-pattern=\"\" data-overlay-pattern-opacity=\"\" data-overlay-pattern-size=\"\"    data-seperator=\"true\"  data-seperator-type=\"tilt_right_seperator\"  data-seperator-shape-size=\"40\"  data-seperator-svg-height=\"60\"  data-seperator-full-width=\"true\" data-seperator-position=\"top_seperator\"  data-seperator-background-color=\"#fff\"  data-icon=\"\"  ><\/div><section class=\"l-section wpb_row height_medium\"><div class=\"l-section-h i-cf\"><div class=\"g-cols via_grid cols_2 laptops-cols_inherit tablets-cols_inherit mobiles-cols_1 valign_middle type_default\"><div class=\"wpb_column vc_column_container\"><div class=\"vc_column-inner\"><div class=\"w-image us_custom_8f7b07a9 img-esquerra us_animate_this align_center\" id=\"img-esquerra\"><div class=\"w-image-h\"><img loading=\"lazy\" decoding=\"async\" width=\"768\" height=\"1024\" src=\"https:\/\/cyclosphera.com\/wp-content\/uploads\/2022\/08\/financament.jpeg\" class=\"attachment-full size-full\" alt=\"\" srcset=\"https:\/\/cyclosphera.com\/wp-content\/uploads\/2022\/08\/financament.jpeg 768w, https:\/\/cyclosphera.com\/wp-content\/uploads\/2022\/08\/financament-225x300.jpeg 225w, https:\/\/cyclosphera.com\/wp-content\/uploads\/2022\/08\/financament-300x400.jpeg 300w, https:\/\/cyclosphera.com\/wp-content\/uploads\/2022\/08\/financament-450x600.jpeg 450w, https:\/\/cyclosphera.com\/wp-content\/uploads\/2022\/08\/financament-188x250.jpeg 188w\" sizes=\"auto, (max-width: 768px) 100vw, 768px\" \/><\/div><\/div><\/div><\/div><div class=\"wpb_column vc_column_container\"><div class=\"vc_column-inner\"><div class=\"w-separator size_small\"><\/div><div class=\"wpb_text_column\"><div class=\"wpb_wrapper\"><h3 style=\"text-align: center;\"><strong>Finan\u00e7ament sense interessos<\/strong><\/h3>\n<\/div><\/div><div class=\"w-separator size_custom with_line width_50 thick_3 style_solid color_secondary align_center\" style=\"height:20px\"><div class=\"w-separator-h\"><\/div><\/div><div class=\"w-separator size_small\"><\/div><div class=\"wpb_text_column\"><div class=\"wpb_wrapper\"><p style=\"text-align: center;\">Est\u00e0s pensant en canviar algun component de la teva bici i no pots pagar-ho de cop? No hi ha problema! Financem el teu somni! Bicicleta, transmissi\u00f3, aquell parell de rodes que tant t\u2019agraden,&#8230; A partir de 300\u20ac et financem el que necessitis!<br \/>\nFinan\u00e7aments fins a 30 mesos sense interessos. Comissi\u00f3 d&#8217;obertura segons import i durada.<\/p>\n<\/div><\/div><\/div><\/div><\/div><\/div><\/section><!-- Row Backgrounds --><div class=\"upb_color\" data-bg-override=\"0\" data-bg-color=\"#ffffff\" data-fadeout=\"fadeout_row_value\" data-fadeout-percentage=\"100\" data-parallax-content=\"parallax_content_value\" data-parallax-content-sense=\"70\" data-row-effect-mobile-disable=\"true\" data-img-parallax-mobile-disable=\"true\" data-rtl=\"false\"  data-custom-vc-row=\"\"  data-vc=\"6.7.0\"  data-is_old_vc=\"\"  data-theme-support=\"\"   data-overlay=\"false\" data-overlay-color=\"\" data-overlay-pattern=\"\" data-overlay-pattern-opacity=\"\" data-overlay-pattern-size=\"\"    ><\/div><section class=\"l-section wpb_row height_medium\"><div class=\"l-section-h i-cf\"><div class=\"g-cols via_grid cols_2 laptops-cols_inherit tablets-cols_inherit mobiles-cols_1 valign_middle type_default reversed\"><div class=\"wpb_column vc_column_container\"><div class=\"vc_column-inner\"><div class=\"w-separator size_small\"><\/div><div class=\"wpb_text_column\"><div class=\"wpb_wrapper\"><h3 style=\"text-align: center;\"><strong>Zona de carga<\/strong><\/h3>\n<\/div><\/div><div class=\"w-separator size_custom with_line width_50 thick_3 style_solid color_secondary align_center\" style=\"height:20px\"><div class=\"w-separator-h\"><\/div><\/div><div class=\"w-separator size_small\"><\/div><div class=\"wpb_text_column\"><div class=\"wpb_wrapper\"><p style=\"text-align: center;\">Disposem de diferents carregadors per ajudar-te a seguir amb les teves rutes. Garmin, Shimano Di2, SRAM, smartphones,&#8230; Para\u2019t al nostre espai i carrega el teu accessori o bici si ho necessites.<\/p>\n<\/div><\/div><\/div><\/div><div class=\"wpb_column vc_column_container\"><div class=\"vc_column-inner\"><div class=\"w-image us_custom_ff13c409 img-dreta us_animate_this align_center\" id=\"img-dreta\"><div class=\"w-image-h\"><img loading=\"lazy\" decoding=\"async\" width=\"1024\" height=\"768\" src=\"https:\/\/cyclosphera.com\/wp-content\/uploads\/2022\/08\/carrega.jpeg\" class=\"attachment-full size-full\" alt=\"\" srcset=\"https:\/\/cyclosphera.com\/wp-content\/uploads\/2022\/08\/carrega.jpeg 1024w, https:\/\/cyclosphera.com\/wp-content\/uploads\/2022\/08\/carrega-300x225.jpeg 300w, https:\/\/cyclosphera.com\/wp-content\/uploads\/2022\/08\/carrega-533x400.jpeg 533w, https:\/\/cyclosphera.com\/wp-content\/uploads\/2022\/08\/carrega-800x600.jpeg 800w, https:\/\/cyclosphera.com\/wp-content\/uploads\/2022\/08\/carrega-333x250.jpeg 333w\" sizes=\"auto, (max-width: 1024px) 100vw, 1024px\" \/><\/div><\/div><\/div><\/div><\/div><\/div><\/section><!-- Row Backgrounds --><div class=\"upb_color\" data-bg-override=\"0\" data-bg-color=\"#e8e8e8\" data-fadeout=\"fadeout_row_value\" data-fadeout-percentage=\"100\" data-parallax-content=\"parallax_content_value\" data-parallax-content-sense=\"70\" data-row-effect-mobile-disable=\"true\" data-img-parallax-mobile-disable=\"true\" data-rtl=\"false\"  data-custom-vc-row=\"\"  data-vc=\"6.7.0\"  data-is_old_vc=\"\"  data-theme-support=\"\"   data-overlay=\"false\" data-overlay-color=\"\" data-overlay-pattern=\"\" data-overlay-pattern-opacity=\"\" data-overlay-pattern-size=\"\"    data-seperator=\"true\"  data-seperator-type=\"tilt_right_seperator\"  data-seperator-shape-size=\"40\"  data-seperator-svg-height=\"60\"  data-seperator-full-width=\"true\" data-seperator-position=\"top_seperator\"  data-seperator-background-color=\"#fff\"  data-icon=\"\"  ><\/div><section class=\"l-section wpb_row height_medium\"><div class=\"l-section-h i-cf\"><div class=\"g-cols via_grid cols_2 laptops-cols_inherit tablets-cols_inherit mobiles-cols_1 valign_middle type_default\"><div class=\"wpb_column vc_column_container\"><div class=\"vc_column-inner\"><div class=\"w-image us_custom_8f7b07a9 img-esquerra us_animate_this align_center\" id=\"img-esquerra\"><div class=\"w-image-h\"><img loading=\"lazy\" decoding=\"async\" width=\"1200\" height=\"1600\" src=\"https:\/\/cyclosphera.com\/wp-content\/uploads\/2025\/11\/WhatsApp-Image-2025-11-27-at-09.26.34-e1764232279142.jpeg\" class=\"attachment-full size-full\" alt=\"\" \/><\/div><\/div><\/div><\/div><div class=\"wpb_column vc_column_container\"><div class=\"vc_column-inner\"><div class=\"w-separator size_small\"><\/div><div class=\"wpb_text_column\"><div class=\"wpb_wrapper\"><h3 style=\"text-align: center;\"><strong>Club ciclista<\/strong><\/h3>\n<\/div><\/div><div class=\"w-separator size_custom with_line width_50 thick_3 style_solid color_secondary align_center\" style=\"height:20px\"><div class=\"w-separator-h\"><\/div><\/div><div class=\"w-separator size_small\"><\/div><div class=\"wpb_text_column\"><div class=\"wpb_wrapper\"><p style=\"text-align: center;\">Ja tenim el Cyclosphera Cyclist Club actiu! Federa&#8217;t amb nosaltres i forma part del nostre club. Un munt d&#8217;avantatges per als nostres socis, sortides, serveis i molt m\u00e9s!<\/p>\n<\/div><\/div><\/div><\/div><\/div><\/div><\/section><!-- Row Backgrounds --><div class=\"upb_color\" data-bg-override=\"0\" data-bg-color=\"#ffffff\" data-fadeout=\"\" data-fadeout-percentage=\"30\" data-parallax-content=\"\" data-parallax-content-sense=\"30\" data-row-effect-mobile-disable=\"true\" data-img-parallax-mobile-disable=\"true\" data-rtl=\"false\"  data-custom-vc-row=\"\"  data-vc=\"6.7.0\"  data-is_old_vc=\"\"  data-theme-support=\"\"   data-overlay=\"false\" data-overlay-color=\"\" data-overlay-pattern=\"\" data-overlay-pattern-opacity=\"\" data-overlay-pattern-size=\"\"    ><\/div>\n","protected":false},"excerpt":{"rendered":"BOTIGA Venta de bicicletes Treballem amb les marques Premium CERV\u00c9LO, BIANCHI, PIVOT, SUNN, DARE, MMR y CRUSSIS. Muntatges a la carta disponibles amb diferents marques. Vols saber les bicicletes que tenim amb disponibilitat inmediata? Clica aqu\u00ed i mira quina ser\u00e0 la teva pr\u00f3xima bicicleta! Servei de Tax Free per a pa\u00efsos de fora de la...","protected":false},"author":1,"featured_media":0,"parent":0,"menu_order":0,"comment_status":"closed","ping_status":"closed","template":"","meta":{"om_disable_all_campaigns":false,"footnotes":""},"class_list":["post-997","page","type-page","status-publish","hentry"],"aioseo_notices":[],"_links":{"self":[{"href":"https:\/\/cyclosphera.com\/ca\/wp-json\/wp\/v2\/pages\/997","targetHints":{"allow":["GET"]}}],"collection":[{"href":"https:\/\/cyclosphera.com\/ca\/wp-json\/wp\/v2\/pages"}],"about":[{"href":"https:\/\/cyclosphera.com\/ca\/wp-json\/wp\/v2\/types\/page"}],"author":[{"embeddable":true,"href":"https:\/\/cyclosphera.com\/ca\/wp-json\/wp\/v2\/users\/1"}],"replies":[{"embeddable":true,"href":"https:\/\/cyclosphera.com\/ca\/wp-json\/wp\/v2\/comments?post=997"}],"version-history":[{"count":19,"href":"https:\/\/cyclosphera.com\/ca\/wp-json\/wp\/v2\/pages\/997\/revisions"}],"predecessor-version":[{"id":2398,"href":"https:\/\/cyclosphera.com\/ca\/wp-json\/wp\/v2\/pages\/997\/revisions\/2398"}],"wp:attachment":[{"href":"https:\/\/cyclosphera.com\/ca\/wp-json\/wp\/v2\/media?parent=997"}],"curies":[{"name":"wp","href":"https:\/\/api.w.org\/{rel}","templated":true}]}}