{"id":1627,"date":"2023-02-17T16:07:05","date_gmt":"2023-02-17T16:07:05","guid":{"rendered":"https:\/\/cyclosphera.com\/?page_id=1627"},"modified":"2025-12-22T11:41:47","modified_gmt":"2025-12-22T11:41:47","slug":"esdeveniments","status":"publish","type":"page","link":"https:\/\/cyclosphera.com\/ca\/esdeveniments\/","title":{"rendered":"Cyclosphera PRO"},"content":{"rendered":"<section class=\"l-section wpb_row us_custom_f0503604 height_auto\" id=\"slider\"><div class=\"l-section-h i-cf\"><div class=\"g-cols via_grid cols_1 laptops-cols_inherit tablets-cols_inherit mobiles-cols_1 valign_top type_default\"><div class=\"wpb_column vc_column_container\"><div class=\"vc_column-inner\"><div class=\"w-separator size_custom\" style=\"height:250px\"><\/div><div class=\"wpb_text_column us_custom_6df4bc3a has_text_color\"><div class=\"wpb_wrapper\"><h2 style=\"text-align: center;\">CYCLOSPHERA PRO<\/h2>\n<\/div><\/div><div class=\"w-separator size_custom\" style=\"height:250px\"><\/div><\/div><\/div><\/div><\/div><\/section><section class=\"l-section wpb_row height_small\"><div class=\"l-section-h i-cf\"><div class=\"g-cols via_grid cols_1 laptops-cols_inherit tablets-cols_inherit mobiles-cols_1 valign_top type_default\"><div class=\"wpb_column vc_column_container div-hover\"><div class=\"vc_column-inner\"><div class=\"wpb_text_column\"><div class=\"wpb_wrapper\"><h2 style=\"text-align: center;\"><strong>CYCLOSPHERA PRO<\/strong><\/h2>\n<p style=\"text-align: center;\">Cyclosphera Pro \u00e9s un servei que donem des dels nostres inicis, a diferents professionals del sector. Va adre\u00e7at a negocis vinculats al m\u00f3n de la bicicleta tipus allotjaments amb flotes de bicicleta, tallers, lloguers de bicicletes i viatges amb lloguers de bicicletes,&#8230;<br \/>\nAmb aquest servei, el que volem \u00e9s ajudar i fer m\u00e9s f\u00e0cil la feina als negocis que no tenen mec\u00e0nic propi, als que necessiten alguna especialitzaci\u00f3 o a tenir un punt de refer\u00e8ncia a Girona i Banyoles per aquelles empreses o tour operadors que treballen enviant les seves flotes arreu.<\/p>\n<\/div><\/div><\/div><\/div><\/div><\/div><\/section><section class=\"l-section wpb_row us_custom_47b98bc5 height_medium\"><div class=\"l-section-overlay\" style=\"background:var(--color-header-transparent-bg)\"><\/div><div class=\"l-section-h i-cf\"><div class=\"g-cols via_grid cols_1 laptops-cols_inherit tablets-cols_inherit mobiles-cols_1 valign_middle type_default\"><div class=\"wpb_column vc_column_container\"><div class=\"vc_column-inner\"><div class=\"g-cols wpb_row via_grid cols_2 laptops-cols_inherit tablets-cols_inherit mobiles-cols_1 valign_middle type_default\" style=\"grid-gap:0;\"><div class=\"wpb_column vc_column_container\"><div class=\"vc_column-inner\"><div class=\"w-image us_custom_8f7b07a9 us_animate_this align_none\"><div class=\"w-image-h\"><img loading=\"lazy\" decoding=\"async\" width=\"456\" height=\"308\" src=\"https:\/\/cyclosphera.com\/wp-content\/uploads\/2025\/02\/Imagen1aaa.png\" class=\"attachment-us_800_600 size-us_800_600\" alt=\"\" srcset=\"https:\/\/cyclosphera.com\/wp-content\/uploads\/2025\/02\/Imagen1aaa.png 456w, https:\/\/cyclosphera.com\/wp-content\/uploads\/2025\/02\/Imagen1aaa-300x203.png 300w, https:\/\/cyclosphera.com\/wp-content\/uploads\/2025\/02\/Imagen1aaa-370x250.png 370w\" sizes=\"auto, (max-width: 456px) 100vw, 456px\" \/><\/div><\/div><\/div><\/div><div class=\"wpb_column vc_column_container us_custom_1a38331e us_animate_this has_bg_color\"><div class=\"vc_column-inner\"><div class=\"wpb_text_column\"><div class=\"wpb_wrapper\"><h3 style=\"text-align: center;\">MANTENIMENT DE FLOTES<\/h3>\n<p style=\"text-align: center;\">A Cyclosphera et fem el manteniment de les teves flotes de lloguer. Et recollim les bicicletes al teu establiment i te les tornem revisades i a punt! Treballem amb preus especials per a professionals<\/p>\n<\/div><\/div><\/div><\/div><\/div><\/div><\/div><\/div><\/div><\/section><section class=\"l-section wpb_row us_custom_38c5080b height_medium\"><div class=\"l-section-h i-cf\"><div class=\"g-cols via_grid cols_1 laptops-cols_inherit tablets-cols_inherit mobiles-cols_1 valign_top type_default\"><div class=\"wpb_column vc_column_container\"><div class=\"vc_column-inner\"><div class=\"g-cols wpb_row via_grid cols_2 laptops-cols_inherit tablets-cols_inherit mobiles-cols_1 valign_middle type_default\" style=\"grid-gap:0;\"><div class=\"wpb_column vc_column_container\"><div class=\"vc_column-inner\"><div class=\"wpb_text_column\"><div class=\"wpb_wrapper\"><h3 style=\"text-align: center;\">VENTA PER A PROFESSIONALS<\/h3>\n<p style=\"text-align: center;\">Si ets professional del sector i necessites recanvis, bicicletes per a flotes de lloguer, accessoris entre d&#8217;altres, podem ajudar-te!<br \/>\nGr\u00e0cies a que treballem amb una \u00e0mplia selecci\u00f3 de marques de recanvis i accessoris, t&#8217;assessorem per tal que puguis ajustar-te a les teves necessitats.<br \/>\nPer a les teves flotes de bicicletes, treballem amb marques amb diferents rangs de preus i tipus.<\/p>\n<\/div><\/div><\/div><\/div><div class=\"wpb_column vc_column_container us_custom_1a38331e us_animate_this has_bg_color\"><div class=\"vc_column-inner\"><div class=\"w-image us_custom_8f7b07a9 us_animate_this align_none\"><div class=\"w-image-h\"><img loading=\"lazy\" decoding=\"async\" width=\"459\" height=\"307\" src=\"https:\/\/cyclosphera.com\/wp-content\/uploads\/2025\/02\/Imagen2.png\" class=\"attachment-full size-full\" alt=\"\" srcset=\"https:\/\/cyclosphera.com\/wp-content\/uploads\/2025\/02\/Imagen2.png 459w, https:\/\/cyclosphera.com\/wp-content\/uploads\/2025\/02\/Imagen2-300x201.png 300w, https:\/\/cyclosphera.com\/wp-content\/uploads\/2025\/02\/Imagen2-374x250.png 374w\" sizes=\"auto, (max-width: 459px) 100vw, 459px\" \/><\/div><\/div><\/div><\/div><\/div><\/div><\/div><\/div><\/div><\/section><section class=\"l-section wpb_row us_custom_38c5080b height_medium\"><div class=\"l-section-h i-cf\"><div class=\"g-cols via_grid cols_1 laptops-cols_inherit tablets-cols_inherit mobiles-cols_1 valign_top type_default\"><div class=\"wpb_column vc_column_container\"><div class=\"vc_column-inner\"><div class=\"g-cols wpb_row via_grid cols_2 laptops-cols_inherit tablets-cols_inherit mobiles-cols_1 valign_middle type_default\" style=\"grid-gap:0;\"><div class=\"wpb_column vc_column_container us_custom_1385ca14 us_animate_this has_bg_color\"><div class=\"vc_column-inner\"><div class=\"w-image us_custom_ff13c409 us_animate_this align_none\"><div class=\"w-image-h\"><img loading=\"lazy\" decoding=\"async\" width=\"650\" height=\"400\" src=\"https:\/\/cyclosphera.com\/wp-content\/uploads\/2022\/04\/BiciEmbalada.jpg\" class=\"attachment-full size-full\" alt=\"\" srcset=\"https:\/\/cyclosphera.com\/wp-content\/uploads\/2022\/04\/BiciEmbalada.jpg 650w, https:\/\/cyclosphera.com\/wp-content\/uploads\/2022\/04\/BiciEmbalada-300x185.jpg 300w, https:\/\/cyclosphera.com\/wp-content\/uploads\/2022\/04\/BiciEmbalada-600x369.jpg 600w, https:\/\/cyclosphera.com\/wp-content\/uploads\/2022\/04\/BiciEmbalada-400x246.jpg 400w\" sizes=\"auto, (max-width: 650px) 100vw, 650px\" \/><\/div><\/div><\/div><\/div><div class=\"wpb_column vc_column_container\"><div class=\"vc_column-inner\"><div class=\"wpb_text_column\"><div class=\"wpb_wrapper\"><h3 style=\"text-align: center;\">PICK UP SERVICE<\/h3>\n<p style=\"text-align: center;\">Si tens un grup de clients que venen de vacances a Banyoles o rodalies amb les seves bicicletes o amb part de la teva flota, donem el servei de rebre les bicicletes, posar-les a punt per les vacances i entregar directament aqu\u00ed a botiga o b\u00e9 traslladant-les al seu allotjament. Us fem el mateix servei de recollida i preparar-les per la tornada a casa o al vostre punt de lloguer.<\/p>\n<\/div><\/div><\/div><\/div><\/div><\/div><\/div><\/div><\/div><\/section><section class=\"l-section wpb_row height_small\"><div class=\"l-section-h i-cf\"><div class=\"g-cols via_grid cols_1 laptops-cols_inherit tablets-cols_inherit mobiles-cols_1 valign_top type_default\"><div class=\"wpb_column vc_column_container div-hover\"><div class=\"vc_column-inner\"><div class=\"wpb_text_column\"><div class=\"wpb_wrapper\"><h2 style=\"text-align: center;\"><strong>MARQUES<\/strong><\/h2>\n<p style=\"text-align: center;\">Aquestes son nom\u00e9s algunes de les marques amb les que treballem.<\/p>\n<\/div><\/div><div class=\"w-image align_center\"><div class=\"w-image-h\"><img loading=\"lazy\" decoding=\"async\" width=\"1772\" height=\"354\" src=\"https:\/\/cyclosphera.com\/wp-content\/uploads\/2025\/02\/muntatges-fotos-allargats-mirador.png\" class=\"attachment-full size-full\" alt=\"\" srcset=\"https:\/\/cyclosphera.com\/wp-content\/uploads\/2025\/02\/muntatges-fotos-allargats-mirador.png 1772w, https:\/\/cyclosphera.com\/wp-content\/uploads\/2025\/02\/muntatges-fotos-allargats-mirador-300x60.png 300w, https:\/\/cyclosphera.com\/wp-content\/uploads\/2025\/02\/muntatges-fotos-allargats-mirador-1024x205.png 1024w, https:\/\/cyclosphera.com\/wp-content\/uploads\/2025\/02\/muntatges-fotos-allargats-mirador-600x120.png 600w, https:\/\/cyclosphera.com\/wp-content\/uploads\/2025\/02\/muntatges-fotos-allargats-mirador-800x160.png 800w, https:\/\/cyclosphera.com\/wp-content\/uploads\/2025\/02\/muntatges-fotos-allargats-mirador-400x80.png 400w\" sizes=\"auto, (max-width: 1772px) 100vw, 1772px\" \/><\/div><\/div><\/div><\/div><\/div><\/div><\/section><section class=\"l-section wpb_row height_small\"><div class=\"l-section-h i-cf\"><div class=\"g-cols via_grid cols_1 laptops-cols_inherit tablets-cols_inherit mobiles-cols_1 valign_top type_default\"><div class=\"wpb_column vc_column_container div-hover\"><div class=\"vc_column-inner\"><div class=\"wpb_text_column\"><div class=\"wpb_wrapper\"><h2 style=\"text-align: center;\"><strong>CONTACTA AMB NOSALTRES<\/strong><\/h2>\n<p style=\"text-align: center;\">Contacta a trav\u00e9s d&#8217;aquest formulari o b\u00e9 del nostre correu electr\u00f3nic info@cyclosphera.com i explica&#8217;ns el que necessites. Ens posarem en contacte amb tu de seguida.<\/p>\n<\/div><\/div><div class=\"wpb_text_column\"><div class=\"wpb_wrapper\">\n<div class=\"wpcf7 no-js\" id=\"wpcf7-f2082-o1\" lang=\"es-ES\" dir=\"ltr\" data-wpcf7-id=\"2082\">\n<div class=\"screen-reader-response\"><p role=\"status\" aria-live=\"polite\" aria-atomic=\"true\"><\/p> <ul><\/ul><\/div>\n<form action=\"\/ca\/wp-json\/wp\/v2\/pages\/1627#wpcf7-f2082-o1\" method=\"post\" class=\"wpcf7-form init\" aria-label=\"Formulario de contacto\" novalidate=\"novalidate\" data-status=\"init\">\n<fieldset class=\"hidden-fields-container\"><input type=\"hidden\" name=\"_wpcf7\" value=\"2082\" \/><input type=\"hidden\" name=\"_wpcf7_version\" value=\"6.1.5\" \/><input type=\"hidden\" name=\"_wpcf7_locale\" value=\"es_ES\" \/><input type=\"hidden\" name=\"_wpcf7_unit_tag\" value=\"wpcf7-f2082-o1\" \/><input type=\"hidden\" name=\"_wpcf7_container_post\" value=\"0\" \/><input type=\"hidden\" name=\"_wpcf7_posted_data_hash\" value=\"\" \/><input type=\"hidden\" name=\"_wpcf7_recaptcha_response\" value=\"\" \/>\n<\/fieldset>\n<p><label> Nom Empresa*<br \/>\n<span class=\"wpcf7-form-control-wrap\" data-name=\"your-company\"><input size=\"40\" maxlength=\"400\" class=\"wpcf7-form-control wpcf7-text wpcf7-validates-as-required\" aria-required=\"true\" aria-invalid=\"false\" value=\"\" type=\"text\" name=\"your-company\" \/><\/span> <\/label>\n<\/p>\n<p><label> Nom contacte*<br \/>\n<span class=\"wpcf7-form-control-wrap\" data-name=\"your-name\"><input size=\"40\" maxlength=\"400\" class=\"wpcf7-form-control wpcf7-text wpcf7-validates-as-required\" aria-required=\"true\" aria-invalid=\"false\" value=\"\" type=\"text\" name=\"your-name\" \/><\/span> <\/label>\n<\/p>\n<p><label> Correu electr\u00f2nic*<br \/>\n<span class=\"wpcf7-form-control-wrap\" data-name=\"your-email\"><input size=\"40\" maxlength=\"400\" class=\"wpcf7-form-control wpcf7-email wpcf7-validates-as-required wpcf7-text wpcf7-validates-as-email\" aria-required=\"true\" aria-invalid=\"false\" value=\"\" type=\"email\" name=\"your-email\" \/><\/span> <\/label>\n<\/p>\n<p><label> Tel\u00e8fon*<br \/>\n<span class=\"wpcf7-form-control-wrap\" data-name=\"tel-593\"><input size=\"40\" maxlength=\"400\" class=\"wpcf7-form-control wpcf7-tel wpcf7-validates-as-required wpcf7-text wpcf7-validates-as-tel\" aria-required=\"true\" aria-invalid=\"false\" value=\"\" type=\"tel\" name=\"tel-593\" \/><\/span><\/label>\n<\/p>\n<p><label> Som*<br \/>\n<span class=\"wpcf7-form-control-wrap\" data-name=\"Tipus\"><select class=\"wpcf7-form-control wpcf7-select wpcf7-validates-as-required\" aria-required=\"true\" aria-invalid=\"false\" name=\"Tipus\"><option value=\"ALLOTJAMENT TUR\u00cdSTIC\">ALLOTJAMENT TUR\u00cdSTIC<\/option><option value=\"TALLER\">TALLER<\/option><option value=\"TOUR OPERADOR\">TOUR OPERADOR<\/option><option value=\"LLOGUER DE BICIS\">LLOGUER DE BICIS<\/option><option value=\"ALTRES\">ALTRES<\/option><\/select><\/span><\/label>\n<\/p>\n<p><label> Explica'ns el que necessites*<br \/>\n<span class=\"wpcf7-form-control-wrap\" data-name=\"your-message\"><textarea cols=\"40\" rows=\"10\" maxlength=\"2000\" class=\"wpcf7-form-control wpcf7-textarea\" aria-invalid=\"false\" name=\"your-message\"><\/textarea><\/span> <\/label>\n<\/p>\n<p><input class=\"wpcf7-form-control wpcf7-submit has-spinner\" type=\"submit\" value=\"Enviar\" \/>\n<\/p><div class=\"wpcf7-response-output\" aria-hidden=\"true\"><\/div>\n<\/form>\n<\/div>\n\n<\/div><\/div><\/div><\/div><\/div><\/div><\/section>\n","protected":false},"excerpt":{"rendered":"CYCLOSPHERA PRO CYCLOSPHERA PRO Cyclosphera Pro \u00e9s un servei que donem des dels nostres inicis, a diferents professionals del sector. Va adre\u00e7at a negocis vinculats al m\u00f3n de la bicicleta tipus allotjaments amb flotes de bicicleta, tallers, lloguers de bicicletes i viatges amb lloguers de bicicletes,&#8230; Amb aquest servei, el que volem \u00e9s ajudar i...","protected":false},"author":1,"featured_media":0,"parent":0,"menu_order":0,"comment_status":"closed","ping_status":"closed","template":"","meta":{"om_disable_all_campaigns":false,"footnotes":""},"class_list":["post-1627","page","type-page","status-publish","hentry"],"aioseo_notices":[],"_links":{"self":[{"href":"https:\/\/cyclosphera.com\/ca\/wp-json\/wp\/v2\/pages\/1627","targetHints":{"allow":["GET"]}}],"collection":[{"href":"https:\/\/cyclosphera.com\/ca\/wp-json\/wp\/v2\/pages"}],"about":[{"href":"https:\/\/cyclosphera.com\/ca\/wp-json\/wp\/v2\/types\/page"}],"author":[{"embeddable":true,"href":"https:\/\/cyclosphera.com\/ca\/wp-json\/wp\/v2\/users\/1"}],"replies":[{"embeddable":true,"href":"https:\/\/cyclosphera.com\/ca\/wp-json\/wp\/v2\/comments?post=1627"}],"version-history":[{"count":32,"href":"https:\/\/cyclosphera.com\/ca\/wp-json\/wp\/v2\/pages\/1627\/revisions"}],"predecessor-version":[{"id":2332,"href":"https:\/\/cyclosphera.com\/ca\/wp-json\/wp\/v2\/pages\/1627\/revisions\/2332"}],"wp:attachment":[{"href":"https:\/\/cyclosphera.com\/ca\/wp-json\/wp\/v2\/media?parent=1627"}],"curies":[{"name":"wp","href":"https:\/\/api.w.org\/{rel}","templated":true}]}}