{"id":1267,"date":"2022-08-10T09:08:32","date_gmt":"2022-08-10T09:08:32","guid":{"rendered":"https:\/\/cyclosphera.com\/?page_id=1267"},"modified":"2022-08-10T09:20:04","modified_gmt":"2022-08-10T09:20:04","slug":"politica-de-cookies","status":"publish","type":"page","link":"https:\/\/cyclosphera.com\/ca\/politica-de-cookies\/","title":{"rendered":"Pol\u00edtica de Cookies"},"content":{"rendered":"<section class=\"l-section wpb_row height_medium\"><div class=\"l-section-h i-cf\"><div class=\"g-cols via_grid cols_1 laptops-cols_inherit tablets-cols_inherit mobiles-cols_1 valign_top type_default\"><div class=\"wpb_column vc_column_container\"><div class=\"vc_column-inner\"><div class=\"wpb_text_column\"><div class=\"wpb_wrapper\"><p><strong>Pol\u00edtica de Cookies<\/strong><\/p>\n<p>En aquesta web s&#8217;utilitzen cookies de tercers i pr\u00f2pies per a aconseguir que tinguis una millor experi\u00e8ncia de navegaci\u00f3, puguis compartir contingut en xarxes socials i perqu\u00e8 puguem obtenir estad\u00edstiques dels usuaris.<\/p>\n<p>Pots evitar la desc\u00e0rrega de cookies a trav\u00e9s de la configuraci\u00f3 del teu navegador, evitant que les cookies s&#8217;emmagatzemin en el seu dispositiu.<\/p>\n<p>Com a propietari d&#8217;aquest lloc web, et comunico que no utilitzem cap informaci\u00f3 personal procedent de cookies, tan sols realitzem estad\u00edstiques generals de visites que no suposen cap informaci\u00f3 personal.<\/p>\n<p>\u00c9s molt important que llegeixis la present pol\u00edtica de cookies i comprenguis que, si continues navegant, considerarem que acceptes el seu \u00fas.<\/p>\n<p>Segons els termes inclosos en l&#8217;article 22.2 de la Llei 34\/2002 de Serveis de la Societat de la Informaci\u00f3 i Comer\u00e7 Electr\u00f2nic, si continues navegant, estar\u00e0s prestant el teu consentiment per a l&#8217;\u00fas dels referits mecanismes.<\/p>\n<p><strong>Entitat Responsable<\/strong><\/p>\n<p>L&#8217;entitat responsable de la recollida, processament i utilitzaci\u00f3 de les teves dades personals, en el sentit establert per la Llei de Protecci\u00f3 de Dades Personals \u00e9s la p\u00e0gina\u00a0Cyclosphera, propietat de\u00a0Cyclosphera\u00a0\u2013\u00a0Passeig\u00a0Moss\u00e8n\u00a0Llu\u00eds\u00a0Constans\u00a0403, 17820 Banyoles, Girona.<\/p>\n<p><strong>Qu\u00e8 s\u00f3n les cookies?<\/strong><\/p>\n<p>Les cookies s\u00f3n un conjunt de dades que un servidor diposita en el navegador de l&#8217;usuari per a recollir la informaci\u00f3 de registre est\u00e0ndard d&#8217;Internet i la informaci\u00f3 del comportament dels visitants en un lloc web. \u00c9s a dir, es tracta de petits arxius de text que queden emmagatzemats en el disc dur de l&#8217;ordinador i que serveixen per a identificar a l&#8217;usuari quan es connecta novament al lloc web. El seu objectiu \u00e9s registrar la visita de l&#8217;usuari i guardar una certa informaci\u00f3. El seu \u00fas \u00e9s com\u00fa i freq\u00fcent en la web ja que permet a les p\u00e0gines funcionar de manera m\u00e9s eficient i aconseguir una major personalitzaci\u00f3 i an\u00e0lisi sobre el comportament de l&#8217;usuari.<\/p>\n<p><strong>Quins tipus de cookies existeixen?<\/strong><\/p>\n<p>Les cookies utilitzades en el nostre lloc web, s\u00f3n de sessi\u00f3 i de tercers, i ens permeten emmagatzemar i accedir a informaci\u00f3 relativa a l&#8217;idioma, el tipus de navegador utilitzat, i altres caracter\u00edstiques generals predefinides per l&#8217;usuari, aix\u00ed com, seguir i analitzar l&#8217;activitat que duu a terme, a fi d&#8217;introduir millores i prestar els nostres serveis d&#8217;una manera m\u00e9s eficient i personalitzada.<\/p>\n<p>Les cookies, en funci\u00f3 de la seva perman\u00e8ncia, poden dividir-se en cookies de sessi\u00f3 o permanents. Les que expiren quan l&#8217;usuari tanca el navegador. Les que expiren en funci\u00f3 de quan es compleixi l&#8217;objectiu per al qual serveixen (per exemple, perqu\u00e8 l&#8217;usuari es mantingui identificat en els serveis de\u00a0Cyclosphera)\u00a0o b\u00e9 quan s&#8217;esborren manualment.<\/p>\n<p>Nom Tipus Caducitat Finalitat Classe<br \/>\n__utma\u00a0De Tercers (Google\u00a0Analytics)\u00a02 anys S&#8217;usa per a distingir usuaris i sessions. No Exempta<br \/>\n__utmb\u00a0De Tercers (Google\u00a0Analytics)\u00a030 minuts S&#8217;usa per a determinar noves sessions o visites No Exempta<br \/>\n__utmc\u00a0De Tercers (Google\u00a0Analytics)\u00a0En finalitzar la sessi\u00f3 Es configura per al seu \u00fas amb\u00a0Urchin\u00a0No Exempta<br \/>\n__utmz\u00a0De Tercers (Google\u00a0Analytics)\u00a06 mesos Emmagatzema l&#8217;origen o la campanya que explica com l&#8217;usuari ha arribat fins a la p\u00e0gina web No Exempta<\/p>\n<p>Addicionalment, en funci\u00f3 del seu objectiu, les cookies poden classificar-se de la seg\u00fcent forma:<\/p>\n<p><strong>Cookies de rendiment<\/strong><\/p>\n<p>Aquest tipus de\u00a0Cookie\u00a0recorda les seves prefer\u00e8ncies per a les eines que es troben en els serveis, per la qual cosa no ha de tornar a configurar el servei cada vegada que vost\u00e8 visita. A tall d&#8217;exemple, en aquesta tipologia s&#8217;inclouen: Ajustos de volum de reproductors de v\u00eddeo o so. Les velocitats de transmissi\u00f3 de v\u00eddeo que siguin compatibles amb el seu navegador. Els objectes guardats en el \u201ccarret de la compra\u201d en els serveis de e-commerce\u00a0com ara botigues.<\/p>\n<p><strong>Cookies de\u00a0geo-localitzaci\u00f3<\/strong><\/p>\n<p>Aquestes cookies s\u00f3n utilitzades per a esbrinar en quin pa\u00eds es troba quan se sol\u00b7licita un servei. Aquesta\u00a0cookie\u00a0\u00e9s totalment an\u00f2nima, i nom\u00e9s s&#8217;utilitza per a ajudar a orientar el contingut a la seva ubicaci\u00f3.<\/p>\n<p><strong>Cookies de registre<\/strong><\/p>\n<p>Les cookies de registre es generen una vegada que l&#8217;usuari s&#8217;ha registrat o posteriorment ha obert la seva sessi\u00f3, i s&#8217;utilitzen per a identificar-li en els serveis amb els seg\u00fcents objectius:<\/p>\n<p>Mantenir a l&#8217;usuari identificat de manera que, si tanca un servei, el navegador o l&#8217;ordinador i en un altre moment o un altre dia torna a entrar en aquest servei, seguir\u00e0 identificat, facilitant aix\u00ed la seva navegaci\u00f3 sense haver de tornar a identificar-se. Aquesta funcionalitat es pot suprimir si l&#8217;usuari prem la funcionalitat [tancar sessi\u00f3], de manera que aquesta\u00a0cookie\u00a0s&#8217;elimina i la pr\u00f2xima vegada que entre en el servei l&#8217;usuari haur\u00e0 d&#8217;iniciar sessi\u00f3 per a estar identificat.<\/p>\n<p>Comprovar si l&#8217;usuari est\u00e0 autoritzat per a accedir a uns certs serveis, per exemple, per a participar en un concurs.<\/p>\n<p>Addicionalment, alguns serveis poden utilitzar connectors amb xarxes socials com ara Facebook o Twitter. Quan l&#8217;usuari es registra en un servei amb credencials d&#8217;una xarxa social, autoritza la xarxa social a guardar una\u00a0Cookie\u00a0persistent que recorda la seva identitat i li garanteix acc\u00e9s als serveis fins que expira. L&#8217;usuari pot esborrar aquesta\u00a0Cookie\u00a0i revocar l&#8217;acc\u00e9s als serveis mitjan\u00e7ant xarxes socials actualitzant les seves prefer\u00e8ncies en la xarxa social que espec\u00edfica.<\/p>\n<p><strong>Cookies d&#8217;anal\u00edtiques<\/strong><\/p>\n<p>Cada vegada que un usuari visita un servei, una eina d&#8217;un prove\u00efdor extern genera una\u00a0cookie\u00a0anal\u00edtica en l&#8217;ordinador de l&#8217;usuari. Aquesta\u00a0cookie\u00a0que nom\u00e9s es genera en la visita, servir\u00e0 en pr\u00f2ximes visites als serveis de\u00a0Cyclosphera\u00a0per a identificar de manera an\u00f2nima al visitant. Els objectius principals que es persegueixen s\u00f3n:<\/p>\n<p>Permetre la identificaci\u00f3 an\u00f2nima dels usuaris navegants a trav\u00e9s de la\u00a0cookie\u00a0(identifica navegadors i dispositius, no persones) i per tant la comptabilitzaci\u00f3 aproximada del nombre de visitants i la seva tend\u00e8ncia en el temps.<br \/>\nIdentificar de manera an\u00f2nima els continguts m\u00e9s visitats i per tant m\u00e9s atractius per als usuaris Saber si l&#8217;usuari que est\u00e0 accedint \u00e9s nou o repeteix visita.<\/p>\n<p>Important: Tret que l&#8217;usuari decideixi registrar-se en un servei de\u00a0Cyclosphera, la\u00a0cookie\u00a0mai anir\u00e0 associada a cap dada de car\u00e0cter personal que pugui identificar-li. Aquestes cookies nom\u00e9s seran utilitzades amb prop\u00f2sits estad\u00edstics que ajudin a l&#8217;optimitzaci\u00f3 de l&#8217;experi\u00e8ncia dels usuaris en el lloc.<\/p>\n<p><strong>Cookies de publicitat<\/strong><\/p>\n<p>Aquest tipus de cookies permeten ampliar la informaci\u00f3 dels anuncis mostrats a cada usuari an\u00f2nim en els serveis de\u00a0Cyclosphera. Entre altres, s&#8217;emmagatzema la durada o freq\u00fc\u00e8ncia de visualitzaci\u00f3 de posicions publicit\u00e0ries, la interacci\u00f3 amb aquestes, o els patrons de navegaci\u00f3 i\/o comportaments de l&#8217;usuari ja que ajuden a conformar un perfil d&#8217;inter\u00e8s publicitari. D&#8217;aquesta manera, permeten oferir publicitat af\u00ed als interessos de l&#8217;usuari.<\/p>\n<p><strong>Cookies publicit\u00e0ries de tercers<\/strong><\/p>\n<p>A m\u00e9s de la publicitat gestionada per les webs de\u00a0Cyclosphera\u00a0en els seus serveis, les webs de\u00a0Cyclosphera\u00a0ofereixen als seus anunciants l&#8217;opci\u00f3 de servir anuncis a trav\u00e9s de tercers (\u201cAd-*Servers\u201d). D&#8217;aquesta manera, aquests tercers poden emmagatzemar cookies enviades des dels serveis de\u00a0Cyclosphera\u00a0procedents dels navegadors dels usuaris, aix\u00ed com accedir a les dades que en elles es guarden.<\/p>\n<p>Les empreses que generen aquestes cookies tenen les seves pr\u00f2pies pol\u00edtiques de privacitat. En l&#8217;actualitat, les webs de\u00a0Cyclosphera\u00a0utilitzen la plataforma\u00a0Doubleclick\u00a0(Google) per a gestionar aquests serveis. Per a m\u00e9s informaci\u00f3, acudeixi a<\/p>\n<p>http:\/\/www.google.es\/policies\/privacy\/ads\/#toc-*doubleclick\u00a0i a\u00a0http:\/\/www.google.es\/policies\/privacy\/ads\/.<\/p>\n<p><strong>Com puc deshabilitar les cookies en el meu navegador?<\/strong><\/p>\n<p>Es poden configurar els diferents navegadors per a avisar a l&#8217;usuari de la recepci\u00f3 de cookies i, si es desitja, impedir la seva instal\u00b7laci\u00f3 en l&#8217;equip. Aix\u00ed mateix, l&#8217;usuari pot revisar en el seu navegador quines cookies t\u00e9 instal\u00b7lades i quin \u00e9s el termini de caducitat d&#8217;aquestes, podent eliminar-les.<\/p>\n<p>Per a ampliar aquesta informaci\u00f3 consulti les instruccions i manuals del seu navegador:<\/p>\n<p>Per a m\u00e9s informaci\u00f3 sobre l&#8217;administraci\u00f3 de les cookies en Google Chrome:\u00a0https:\/\/support.google.com\/chrome\/answer\/95647?hl=es<\/p>\n<p>Per a m\u00e9s informaci\u00f3 sobre l&#8217;administraci\u00f3 de les cookies en Internet Explorer:\u00a0http:\/\/windows.microsoft.com\/es-es\/windows-vista\/cookies-frequently-asked-questions<\/p>\n<p>Per a m\u00e9s informaci\u00f3 sobre l&#8217;administraci\u00f3 de les cookies en\u00a0Mozilla\u00a0Firefox:\u00a0http:\/\/support.mozilla.org\/es\/kb\/habilitar-y-deshabilitar-cookies-que-los-sitios-we<\/p>\n<p>Per a m\u00e9s informaci\u00f3 sobre l&#8217;administraci\u00f3 de les cookies en Safari:\u00a0http:\/\/www.apple.com\/es\/privacy\/use-of-cookies\/<\/p>\n<p>Per a m\u00e9s informaci\u00f3 sobre l&#8217;administraci\u00f3 de les cookies en\u00a0Opera:\u00a0http:\/\/help.opera.com\/windows\/11.50\/es-es\/cookies.html<\/p>\n<p>Si desitja deixar de ser seguit per Google\u00a0Analytics\u00a0visiti:\u00a0http:\/\/tools.google.com\/dlpage\/gaoptout<\/p>\n<p>Per a saber m\u00e9s sobre les cookies<\/p>\n<p>Pot obtenir m\u00e9s informaci\u00f3 sobre la publicitat en l\u00ednia basada en el comportament i la privacitat en l\u00ednia en el seg\u00fcent enlla\u00e7:\u00a0http:\/\/www.youronlinechoices.com\/es\/<\/p>\n<p>Protecci\u00f3 de dades de Google\u00a0Analytics:\u00a0http:\/\/www.google.com\/analytics\/learn\/privacy.html<\/p>\n<p>Com usa Google\u00a0Analytics\u00a0les cookies:\u00a0https:\/\/developers.google.com\/analytics\/devguides\/collection\/analyticsjs\/cookie-usage?hl=es#analyticsjs<\/p>\n<p><strong>Actualitzacions i canvis en la pol\u00edtica de privacitat\/cookies<\/strong><\/p>\n<p>Les webs de\u00a0Cyclosphera\u00a0poden modificar aquesta Pol\u00edtica de Cookies en funci\u00f3 d&#8217;exig\u00e8ncies legislatives, reglament\u00e0ries, o amb la finalitat d&#8217;adaptar aquesta pol\u00edtica a les instruccions dictades per l&#8217;Ag\u00e8ncia Espanyola de Protecci\u00f3 de Dades, per aix\u00f2 s&#8217;aconsella als usuaris que la visitin peri\u00f2dicament.<\/p>\n<p>Quan es produeixin canvis significatius en aquesta Pol\u00edtica de Cookies, aquests es comunicaran als usuaris b\u00e9 mitjan\u00e7ant la web o a trav\u00e9s de correu electr\u00f2nic als usuaris registrats.<\/p>\n<\/div><\/div><\/div><\/div><\/div><\/div><\/section>\n","protected":false},"excerpt":{"rendered":"Pol\u00edtica de Cookies En aquesta web s&#8217;utilitzen cookies de tercers i pr\u00f2pies per a aconseguir que tinguis una millor experi\u00e8ncia de navegaci\u00f3, puguis compartir contingut en xarxes socials i perqu\u00e8 puguem obtenir estad\u00edstiques dels usuaris. Pots evitar la desc\u00e0rrega de cookies a trav\u00e9s de la configuraci\u00f3 del teu navegador, evitant que les cookies s&#8217;emmagatzemin en...","protected":false},"author":1,"featured_media":0,"parent":0,"menu_order":0,"comment_status":"closed","ping_status":"closed","template":"","meta":{"om_disable_all_campaigns":false,"footnotes":""},"class_list":["post-1267","page","type-page","status-publish","hentry"],"aioseo_notices":[],"_links":{"self":[{"href":"https:\/\/cyclosphera.com\/ca\/wp-json\/wp\/v2\/pages\/1267","targetHints":{"allow":["GET"]}}],"collection":[{"href":"https:\/\/cyclosphera.com\/ca\/wp-json\/wp\/v2\/pages"}],"about":[{"href":"https:\/\/cyclosphera.com\/ca\/wp-json\/wp\/v2\/types\/page"}],"author":[{"embeddable":true,"href":"https:\/\/cyclosphera.com\/ca\/wp-json\/wp\/v2\/users\/1"}],"replies":[{"embeddable":true,"href":"https:\/\/cyclosphera.com\/ca\/wp-json\/wp\/v2\/comments?post=1267"}],"version-history":[{"count":1,"href":"https:\/\/cyclosphera.com\/ca\/wp-json\/wp\/v2\/pages\/1267\/revisions"}],"predecessor-version":[{"id":1268,"href":"https:\/\/cyclosphera.com\/ca\/wp-json\/wp\/v2\/pages\/1267\/revisions\/1268"}],"wp:attachment":[{"href":"https:\/\/cyclosphera.com\/ca\/wp-json\/wp\/v2\/media?parent=1267"}],"curies":[{"name":"wp","href":"https:\/\/api.w.org\/{rel}","templated":true}]}}