{"id":1014,"date":"2022-04-12T14:35:22","date_gmt":"2022-04-12T14:35:22","guid":{"rendered":"https:\/\/cyclosphera.com\/?page_id=1014"},"modified":"2022-08-12T08:34:04","modified_gmt":"2022-08-12T08:34:04","slug":"blog","status":"publish","type":"page","link":"https:\/\/cyclosphera.com\/ca\/blog\/","title":{"rendered":"Blog"},"content":{"rendered":"<section class=\"l-section wpb_row us_custom_045ff20d height_auto\" id=\"slider\"><div class=\"l-section-h i-cf\"><div class=\"g-cols via_grid cols_1 laptops-cols_inherit tablets-cols_inherit mobiles-cols_1 valign_top type_default\"><div class=\"wpb_column vc_column_container\"><div class=\"vc_column-inner\"><div class=\"w-separator size_custom\" style=\"height:250px\"><\/div><div class=\"wpb_text_column us_custom_6df4bc3a has_text_color\"><div class=\"wpb_wrapper\"><h2 style=\"text-align: center;\">Blog<\/h2>\n<\/div><\/div><div class=\"w-separator size_custom\" style=\"height:250px\"><\/div><\/div><\/div><\/div><\/div><\/section><section class=\"l-section wpb_row us_custom_31c04ae2 height_medium\"><div class=\"l-section-h i-cf\"><div class=\"g-cols via_grid cols_1 laptops-cols_inherit tablets-cols_inherit mobiles-cols_1 valign_top type_default\"><div class=\"wpb_column vc_column_container\"><div class=\"vc_column-inner\"><div class=\"w-grid type_masonry layout_524 cols_3 overflow_hidden with_isotope\" id=\"us_grid_1\" data-filterable=\"true\"><style>#us_grid_1 .w-grid-item{padding:1.5rem}#us_grid_1 .w-grid-list{margin:-1.5rem}.w-grid-none + #us_grid_1 .w-grid-list{margin-top:1.5rem}@media (max-width:899px){#us_grid_1 .w-grid-item{width:50%}}@media (max-width:599px){#us_grid_1 .w-grid-list{margin:0}#us_grid_1 .w-grid-item{width:100%;padding:0;margin-bottom:1.5rem}}.layout_524 .w-grid-item-h{background:var(--color-content-bg);color:var(--color-content-text);border-radius:0.3rem;box-shadow:0 0.03rem 0.06rem rgba(0,0,0,0.1),0 0.1rem 0.3rem rgba(0,0,0,0.1);transition-duration:0.3s}.no-touch .layout_524 .w-grid-item-h:hover{box-shadow:0 0.1rem 0.2rem rgba(0,0,0,0.1),0 0.33rem 1rem rgba(0,0,0,0.15);z-index:4}.layout_524 .usg_post_title_1{font-size:1.4rem!important;font-weight:700!important}.layout_524 .usg_vwrapper_1{background:#E8E8E8!important;padding:9% 11% 11% 11%!important}.layout_524 .usg_hwrapper_1{color:var(--color-content-faded)!important;font-size:0.9rem!important}@media (max-width:600px){.layout_524 .usg_post_title_1{font-size:1.2rem!important}}<\/style><div class=\"w-grid-list\">\t<article class=\"w-grid-item size_1x1 post-1384 post type-post status-publish format-standard has-post-thumbnail hentry category-botiga category-taller-ca tag-banyoles tag-entrevista-ca tag-taller tag-tv-ca tag-tvbanyoles\" data-id=\"1384\">\r\n\t\t<div class=\"w-grid-item-h\">\r\n\t\t\t\t\t\t<div class=\"w-post-elm post_image usg_post_image_1 has_ratio\"><div style=\"padding-bottom:56.25%\"><\/div><a href=\"https:\/\/cyclosphera.com\/ca\/entrevista-tv-banyoles\/\" aria-label=\"ENTREVISTA TV BANYOLES\"><img loading=\"lazy\" decoding=\"async\" width=\"665\" height=\"1024\" src=\"https:\/\/cyclosphera.com\/wp-content\/uploads\/2023\/02\/WhatsApp-Image-2022-08-08-at-3.35.43-PM-1-665x1024.jpeg\" class=\"attachment-large size-large wp-post-image\" alt=\"\" srcset=\"https:\/\/cyclosphera.com\/wp-content\/uploads\/2023\/02\/WhatsApp-Image-2022-08-08-at-3.35.43-PM-1-665x1024.jpeg 665w, https:\/\/cyclosphera.com\/wp-content\/uploads\/2023\/02\/WhatsApp-Image-2022-08-08-at-3.35.43-PM-1-195x300.jpeg 195w, https:\/\/cyclosphera.com\/wp-content\/uploads\/2023\/02\/WhatsApp-Image-2022-08-08-at-3.35.43-PM-1-260x400.jpeg 260w, https:\/\/cyclosphera.com\/wp-content\/uploads\/2023\/02\/WhatsApp-Image-2022-08-08-at-3.35.43-PM-1-389x600.jpeg 389w, https:\/\/cyclosphera.com\/wp-content\/uploads\/2023\/02\/WhatsApp-Image-2022-08-08-at-3.35.43-PM-1-162x250.jpeg 162w, https:\/\/cyclosphera.com\/wp-content\/uploads\/2023\/02\/WhatsApp-Image-2022-08-08-at-3.35.43-PM-1.jpeg 1329w\" sizes=\"auto, (max-width: 665px) 100vw, 665px\" \/><\/a><\/div><div class=\"w-vwrapper usg_vwrapper_1 align_none valign_top\"><h2 class=\"w-post-elm post_title usg_post_title_1 entry-title color_link_inherit\"><a href=\"https:\/\/cyclosphera.com\/ca\/entrevista-tv-banyoles\/\">ENTREVISTA TV BANYOLES<\/a><\/h2><div class=\"w-hwrapper usg_hwrapper_1 align_none valign_top wrap\"><time class=\"w-post-elm post_date usg_post_date_1 entry-date published\" datetime=\"2023-02-01T12:22:44+00:00\" title=\"1 febrer 2023 a les 12:22:44 +00:00\">1 febr. 2023<\/time><\/div><div class=\"w-post-elm post_content usg_post_content_1\">Ja fa uns dies que ens van fer una entrevista i vam estar explicant qui som i qu\u00e8 fem a&hellip;<\/div><\/div>\t\t<\/div>\r\n\t<\/article>\r\n\t<article class=\"w-grid-item size_1x1 post-1371 post type-post status-publish format-standard has-post-thumbnail hentry category-viatges\" data-id=\"1371\">\r\n\t\t<div class=\"w-grid-item-h\">\r\n\t\t\t\t\t\t<div class=\"w-post-elm post_image usg_post_image_1 has_ratio\"><div style=\"padding-bottom:56.25%\"><\/div><a href=\"https:\/\/cyclosphera.com\/ca\/les-portes-du-soleil\/\" aria-label=\"LES PORTES DU SOLEIL\"><img loading=\"lazy\" decoding=\"async\" width=\"1024\" height=\"561\" src=\"https:\/\/cyclosphera.com\/wp-content\/uploads\/2022\/11\/les-portes-du-soleil-1024x561.png\" class=\"attachment-large size-large wp-post-image\" alt=\"\" srcset=\"https:\/\/cyclosphera.com\/wp-content\/uploads\/2022\/11\/les-portes-du-soleil-1024x561.png 1024w, https:\/\/cyclosphera.com\/wp-content\/uploads\/2022\/11\/les-portes-du-soleil-300x164.png 300w, https:\/\/cyclosphera.com\/wp-content\/uploads\/2022\/11\/les-portes-du-soleil-600x329.png 600w, https:\/\/cyclosphera.com\/wp-content\/uploads\/2022\/11\/les-portes-du-soleil-800x438.png 800w, https:\/\/cyclosphera.com\/wp-content\/uploads\/2022\/11\/les-portes-du-soleil-400x219.png 400w, https:\/\/cyclosphera.com\/wp-content\/uploads\/2022\/11\/les-portes-du-soleil.png 1586w\" sizes=\"auto, (max-width: 1024px) 100vw, 1024px\" \/><\/a><\/div><div class=\"w-vwrapper usg_vwrapper_1 align_none valign_top\"><h2 class=\"w-post-elm post_title usg_post_title_1 entry-title color_link_inherit\"><a href=\"https:\/\/cyclosphera.com\/ca\/les-portes-du-soleil\/\">LES PORTES DU SOLEIL<\/a><\/h2><div class=\"w-hwrapper usg_hwrapper_1 align_none valign_top wrap\"><time class=\"w-post-elm post_date usg_post_date_1 entry-date published\" datetime=\"2022-11-17T17:08:57+00:00\" title=\"17 novembre 2022 a les 17:08:57 +00:00\">17 nov. 2022<\/time><\/div><div class=\"w-post-elm post_content usg_post_content_1\">Ens fa mola il\u00b7lusi\u00f3 comen\u00e7ar amb aquest servei que vol\u00edem donar-vos des de fa temps, per\u00f2 degut al Covid, ho&hellip;<\/div><\/div>\t\t<\/div>\r\n\t<\/article>\r\n\t<article class=\"w-grid-item size_1x1 post-1039 post type-post status-publish format-standard has-post-thumbnail hentry category-viatges\" data-id=\"1039\">\r\n\t\t<div class=\"w-grid-item-h\">\r\n\t\t\t\t\t\t<div class=\"w-post-elm post_image usg_post_image_1 has_ratio\"><div style=\"padding-bottom:56.25%\"><\/div><a href=\"https:\/\/cyclosphera.com\/ca\/garda-by-bike-una-meravellosa-ruta-de-140km\/\" aria-label=\"GARDA BY BIKE: Una meravellosa ruta de 140km\"><img loading=\"lazy\" decoding=\"async\" width=\"1012\" height=\"570\" src=\"https:\/\/cyclosphera.com\/wp-content\/uploads\/2021\/12\/Captura-de-pantalla-2021-12-22-a-las-9.32.42.png\" class=\"attachment-large size-large wp-post-image\" alt=\"\" srcset=\"https:\/\/cyclosphera.com\/wp-content\/uploads\/2021\/12\/Captura-de-pantalla-2021-12-22-a-las-9.32.42.png 1012w, https:\/\/cyclosphera.com\/wp-content\/uploads\/2021\/12\/Captura-de-pantalla-2021-12-22-a-las-9.32.42-300x169.png 300w, https:\/\/cyclosphera.com\/wp-content\/uploads\/2021\/12\/Captura-de-pantalla-2021-12-22-a-las-9.32.42-600x338.png 600w, https:\/\/cyclosphera.com\/wp-content\/uploads\/2021\/12\/Captura-de-pantalla-2021-12-22-a-las-9.32.42-800x451.png 800w, https:\/\/cyclosphera.com\/wp-content\/uploads\/2021\/12\/Captura-de-pantalla-2021-12-22-a-las-9.32.42-400x225.png 400w\" sizes=\"auto, (max-width: 1012px) 100vw, 1012px\" \/><\/a><\/div><div class=\"w-vwrapper usg_vwrapper_1 align_none valign_top\"><h2 class=\"w-post-elm post_title usg_post_title_1 entry-title color_link_inherit\"><a href=\"https:\/\/cyclosphera.com\/ca\/garda-by-bike-una-meravellosa-ruta-de-140km\/\">GARDA BY BIKE: Una meravellosa ruta de 140km<\/a><\/h2><div class=\"w-hwrapper usg_hwrapper_1 align_none valign_top wrap\"><time class=\"w-post-elm post_date usg_post_date_1 entry-date published\" datetime=\"2022-04-14T07:07:37+00:00\" title=\"14 abril 2022 a les 07:07:37 +00:00\">14 abr. 2022<\/time><\/div><div class=\"w-post-elm post_content usg_post_content_1\">Garda by bike: una meravellosa ruta de 140km Us imagineu passejar amb bici just al costat del llac Di Garda&hellip;<\/div><\/div>\t\t<\/div>\r\n\t<\/article>\r\n\t<article class=\"w-grid-item size_1x1 post-1036 post type-post status-publish format-standard has-post-thumbnail hentry category-botiga\" data-id=\"1036\">\r\n\t\t<div class=\"w-grid-item-h\">\r\n\t\t\t\t\t\t<div class=\"w-post-elm post_image usg_post_image_1 has_ratio\"><div style=\"padding-bottom:56.25%\"><\/div><a href=\"https:\/\/cyclosphera.com\/ca\/poc\/\" aria-label=\"POC\"><img loading=\"lazy\" decoding=\"async\" width=\"744\" height=\"606\" src=\"https:\/\/cyclosphera.com\/wp-content\/uploads\/2021\/12\/Captura-de-pantalla-2021-12-22-a-las-9.24.48.png\" class=\"attachment-large size-large wp-post-image\" alt=\"\" srcset=\"https:\/\/cyclosphera.com\/wp-content\/uploads\/2021\/12\/Captura-de-pantalla-2021-12-22-a-las-9.24.48.png 744w, https:\/\/cyclosphera.com\/wp-content\/uploads\/2021\/12\/Captura-de-pantalla-2021-12-22-a-las-9.24.48-300x244.png 300w, https:\/\/cyclosphera.com\/wp-content\/uploads\/2021\/12\/Captura-de-pantalla-2021-12-22-a-las-9.24.48-491x400.png 491w, https:\/\/cyclosphera.com\/wp-content\/uploads\/2021\/12\/Captura-de-pantalla-2021-12-22-a-las-9.24.48-737x600.png 737w, https:\/\/cyclosphera.com\/wp-content\/uploads\/2021\/12\/Captura-de-pantalla-2021-12-22-a-las-9.24.48-307x250.png 307w\" sizes=\"auto, (max-width: 744px) 100vw, 744px\" \/><\/a><\/div><div class=\"w-vwrapper usg_vwrapper_1 align_none valign_top\"><h2 class=\"w-post-elm post_title usg_post_title_1 entry-title color_link_inherit\"><a href=\"https:\/\/cyclosphera.com\/ca\/poc\/\">POC<\/a><\/h2><div class=\"w-hwrapper usg_hwrapper_1 align_none valign_top wrap\"><time class=\"w-post-elm post_date usg_post_date_1 entry-date published\" datetime=\"2022-04-14T07:07:37+00:00\" title=\"14 abril 2022 a les 07:07:37 +00:00\">14 abr. 2022<\/time><\/div><div class=\"w-post-elm post_content usg_post_content_1\">poc Est\u00e0vem desitjant que arribessin i per fi, la setmana passada els vam tenir a les nostres mans. Els cascos&hellip;<\/div><\/div>\t\t<\/div>\r\n\t<\/article>\r\n\t<article class=\"w-grid-item size_1x1 post-1033 post type-post status-publish format-standard has-post-thumbnail hentry category-botiga\" data-id=\"1033\">\r\n\t\t<div class=\"w-grid-item-h\">\r\n\t\t\t\t\t\t<div class=\"w-post-elm post_image usg_post_image_1 has_ratio\"><div style=\"padding-bottom:56.25%\"><\/div><a href=\"https:\/\/cyclosphera.com\/ca\/nalini-roba-ciclisme\/\" aria-label=\"NALINI, ROBA CICLISME\"><img loading=\"lazy\" decoding=\"async\" width=\"514\" height=\"784\" src=\"https:\/\/cyclosphera.com\/wp-content\/uploads\/2021\/12\/Captura-de-pantalla-2021-12-22-a-las-9.20.37.png\" class=\"attachment-large size-large wp-post-image\" alt=\"\" srcset=\"https:\/\/cyclosphera.com\/wp-content\/uploads\/2021\/12\/Captura-de-pantalla-2021-12-22-a-las-9.20.37.png 514w, https:\/\/cyclosphera.com\/wp-content\/uploads\/2021\/12\/Captura-de-pantalla-2021-12-22-a-las-9.20.37-197x300.png 197w, https:\/\/cyclosphera.com\/wp-content\/uploads\/2021\/12\/Captura-de-pantalla-2021-12-22-a-las-9.20.37-262x400.png 262w, https:\/\/cyclosphera.com\/wp-content\/uploads\/2021\/12\/Captura-de-pantalla-2021-12-22-a-las-9.20.37-393x600.png 393w, https:\/\/cyclosphera.com\/wp-content\/uploads\/2021\/12\/Captura-de-pantalla-2021-12-22-a-las-9.20.37-164x250.png 164w\" sizes=\"auto, (max-width: 514px) 100vw, 514px\" \/><\/a><\/div><div class=\"w-vwrapper usg_vwrapper_1 align_none valign_top\"><h2 class=\"w-post-elm post_title usg_post_title_1 entry-title color_link_inherit\"><a href=\"https:\/\/cyclosphera.com\/ca\/nalini-roba-ciclisme\/\">NALINI, ROBA CICLISME<\/a><\/h2><div class=\"w-hwrapper usg_hwrapper_1 align_none valign_top wrap\"><time class=\"w-post-elm post_date usg_post_date_1 entry-date published\" datetime=\"2022-04-14T07:07:37+00:00\" title=\"14 abril 2022 a les 07:07:37 +00:00\">14 abr. 2022<\/time><\/div><div class=\"w-post-elm post_content usg_post_content_1\">NALINI, ROBA CICLISME Nalini o tamb\u00e9 conegut com Moa Sport, \u00e9s una marca de roba de ciclisme Made in Italy&hellip;<\/div><\/div>\t\t<\/div>\r\n\t<\/article>\r\n\t<article class=\"w-grid-item size_1x1 post-1029 post type-post status-publish format-standard has-post-thumbnail hentry category-botiga\" data-id=\"1029\">\r\n\t\t<div class=\"w-grid-item-h\">\r\n\t\t\t\t\t\t<div class=\"w-post-elm post_image usg_post_image_1 has_ratio\"><div style=\"padding-bottom:56.25%\"><\/div><a href=\"https:\/\/cyclosphera.com\/ca\/la-nostra-botiga-casa-teva\/\" aria-label=\"LA NOSTRA BOTIGA, CASA TEVA\"><img loading=\"lazy\" decoding=\"async\" width=\"804\" height=\"554\" src=\"https:\/\/cyclosphera.com\/wp-content\/uploads\/2021\/12\/Captura-de-pantalla-2021-12-22-a-las-9.14.03.png\" class=\"attachment-large size-large wp-post-image\" alt=\"\" srcset=\"https:\/\/cyclosphera.com\/wp-content\/uploads\/2021\/12\/Captura-de-pantalla-2021-12-22-a-las-9.14.03.png 804w, https:\/\/cyclosphera.com\/wp-content\/uploads\/2021\/12\/Captura-de-pantalla-2021-12-22-a-las-9.14.03-300x207.png 300w, https:\/\/cyclosphera.com\/wp-content\/uploads\/2021\/12\/Captura-de-pantalla-2021-12-22-a-las-9.14.03-581x400.png 581w, https:\/\/cyclosphera.com\/wp-content\/uploads\/2021\/12\/Captura-de-pantalla-2021-12-22-a-las-9.14.03-800x551.png 800w, https:\/\/cyclosphera.com\/wp-content\/uploads\/2021\/12\/Captura-de-pantalla-2021-12-22-a-las-9.14.03-363x250.png 363w\" sizes=\"auto, (max-width: 804px) 100vw, 804px\" \/><\/a><\/div><div class=\"w-vwrapper usg_vwrapper_1 align_none valign_top\"><h2 class=\"w-post-elm post_title usg_post_title_1 entry-title color_link_inherit\"><a href=\"https:\/\/cyclosphera.com\/ca\/la-nostra-botiga-casa-teva\/\">LA NOSTRA BOTIGA, CASA TEVA<\/a><\/h2><div class=\"w-hwrapper usg_hwrapper_1 align_none valign_top wrap\"><time class=\"w-post-elm post_date usg_post_date_1 entry-date published\" datetime=\"2022-04-14T07:07:37+00:00\" title=\"14 abril 2022 a les 07:07:37 +00:00\">14 abr. 2022<\/time><\/div><div class=\"w-post-elm post_content usg_post_content_1\">LA NOSTRA BOTIGA, CASA TEVA Avui vam venir a explicar-vos una miqueta de qu\u00e8 tracta la nostra botiga. I direu:&hellip;<\/div><\/div>\t\t<\/div>\r\n\t<\/article>\r\n\t<article class=\"w-grid-item size_1x1 post-1022 post type-post status-publish format-standard has-post-thumbnail hentry category-botiga\" data-id=\"1022\">\r\n\t\t<div class=\"w-grid-item-h\">\r\n\t\t\t\t\t\t<div class=\"w-post-elm post_image usg_post_image_1 has_ratio\"><div style=\"padding-bottom:56.25%\"><\/div><a href=\"https:\/\/cyclosphera.com\/ca\/sponser-sport-food\/\" aria-label=\"SPONSER, SPORT FOOD\"><img loading=\"lazy\" decoding=\"async\" width=\"732\" height=\"508\" src=\"https:\/\/cyclosphera.com\/wp-content\/uploads\/2021\/12\/Captura-de-pantalla-2021-12-22-a-las-9.13.45.png\" class=\"attachment-large size-large wp-post-image\" alt=\"\" srcset=\"https:\/\/cyclosphera.com\/wp-content\/uploads\/2021\/12\/Captura-de-pantalla-2021-12-22-a-las-9.13.45.png 732w, https:\/\/cyclosphera.com\/wp-content\/uploads\/2021\/12\/Captura-de-pantalla-2021-12-22-a-las-9.13.45-300x208.png 300w, https:\/\/cyclosphera.com\/wp-content\/uploads\/2021\/12\/Captura-de-pantalla-2021-12-22-a-las-9.13.45-576x400.png 576w, https:\/\/cyclosphera.com\/wp-content\/uploads\/2021\/12\/Captura-de-pantalla-2021-12-22-a-las-9.13.45-360x250.png 360w\" sizes=\"auto, (max-width: 732px) 100vw, 732px\" \/><\/a><\/div><div class=\"w-vwrapper usg_vwrapper_1 align_none valign_top\"><h2 class=\"w-post-elm post_title usg_post_title_1 entry-title color_link_inherit\"><a href=\"https:\/\/cyclosphera.com\/ca\/sponser-sport-food\/\">SPONSER, SPORT FOOD<\/a><\/h2><div class=\"w-hwrapper usg_hwrapper_1 align_none valign_top wrap\"><time class=\"w-post-elm post_date usg_post_date_1 entry-date published\" datetime=\"2022-04-14T07:07:37+00:00\" title=\"14 abril 2022 a les 07:07:37 +00:00\">14 abr. 2022<\/time><\/div><div class=\"w-post-elm post_content usg_post_content_1\">SPONSER, SPORT FOOD Abans de l&#8217;obertura de la nostra botiga, busc\u00e0vem una marca de menjar per a esportistes que fos&hellip;<\/div><\/div>\t\t<\/div>\r\n\t<\/article>\r\n\t<article class=\"w-grid-item size_1x1 post-1019 post type-post status-publish format-standard has-post-thumbnail hentry category-botiga\" data-id=\"1019\">\r\n\t\t<div class=\"w-grid-item-h\">\r\n\t\t\t\t\t\t<div class=\"w-post-elm post_image usg_post_image_1 has_ratio\"><div style=\"padding-bottom:56.25%\"><\/div><a href=\"https:\/\/cyclosphera.com\/ca\/nova-distribucio-dulleres\/\" aria-label=\"NOVA DISTRIBUCI\u00d3 D&#8217;ULLERES\"><img loading=\"lazy\" decoding=\"async\" width=\"796\" height=\"548\" src=\"https:\/\/cyclosphera.com\/wp-content\/uploads\/2021\/12\/Captura-de-pantalla-2021-12-22-a-las-9.13.23.png\" class=\"attachment-large size-large wp-post-image\" alt=\"\" srcset=\"https:\/\/cyclosphera.com\/wp-content\/uploads\/2021\/12\/Captura-de-pantalla-2021-12-22-a-las-9.13.23.png 796w, https:\/\/cyclosphera.com\/wp-content\/uploads\/2021\/12\/Captura-de-pantalla-2021-12-22-a-las-9.13.23-300x207.png 300w, https:\/\/cyclosphera.com\/wp-content\/uploads\/2021\/12\/Captura-de-pantalla-2021-12-22-a-las-9.13.23-581x400.png 581w, https:\/\/cyclosphera.com\/wp-content\/uploads\/2021\/12\/Captura-de-pantalla-2021-12-22-a-las-9.13.23-363x250.png 363w\" sizes=\"auto, (max-width: 796px) 100vw, 796px\" \/><\/a><\/div><div class=\"w-vwrapper usg_vwrapper_1 align_none valign_top\"><h2 class=\"w-post-elm post_title usg_post_title_1 entry-title color_link_inherit\"><a href=\"https:\/\/cyclosphera.com\/ca\/nova-distribucio-dulleres\/\">NOVA DISTRIBUCI\u00d3 D&#8217;ULLERES<\/a><\/h2><div class=\"w-hwrapper usg_hwrapper_1 align_none valign_top wrap\"><time class=\"w-post-elm post_date usg_post_date_1 entry-date published\" datetime=\"2022-04-14T07:07:37+00:00\" title=\"14 abril 2022 a les 07:07:37 +00:00\">14 abr. 2022<\/time><\/div><div class=\"w-post-elm post_content usg_post_content_1\">NOVA DISTRIBUCI\u00d3 D&#8217;ULLERES Aquests dies tenim moltes novetats i una d&#8217;elles \u00e9s la nova distribuci\u00f3 que tenim a la nostra&hellip;<\/div><\/div>\t\t<\/div>\r\n\t<\/article>\r\n\t<article class=\"w-grid-item size_1x1 post-1026 post type-post status-publish format-standard has-post-thumbnail hentry category-taller-ca\" data-id=\"1026\">\r\n\t\t<div class=\"w-grid-item-h\">\r\n\t\t\t\t\t\t<div class=\"w-post-elm post_image usg_post_image_1 has_ratio\"><div style=\"padding-bottom:56.25%\"><\/div><a href=\"https:\/\/cyclosphera.com\/ca\/la-teva-bici-a-lhivern\/\" aria-label=\"LA TEVA BICI A L&#8217;HIVERN\"><img loading=\"lazy\" decoding=\"async\" width=\"644\" height=\"1008\" src=\"https:\/\/cyclosphera.com\/wp-content\/uploads\/2021\/12\/Captura-de-pantalla-2021-12-22-a-las-9.12.02.png\" class=\"attachment-large size-large wp-post-image\" alt=\"\" srcset=\"https:\/\/cyclosphera.com\/wp-content\/uploads\/2021\/12\/Captura-de-pantalla-2021-12-22-a-las-9.12.02.png 644w, https:\/\/cyclosphera.com\/wp-content\/uploads\/2021\/12\/Captura-de-pantalla-2021-12-22-a-las-9.12.02-192x300.png 192w, https:\/\/cyclosphera.com\/wp-content\/uploads\/2021\/12\/Captura-de-pantalla-2021-12-22-a-las-9.12.02-256x400.png 256w, https:\/\/cyclosphera.com\/wp-content\/uploads\/2021\/12\/Captura-de-pantalla-2021-12-22-a-las-9.12.02-383x600.png 383w, https:\/\/cyclosphera.com\/wp-content\/uploads\/2021\/12\/Captura-de-pantalla-2021-12-22-a-las-9.12.02-160x250.png 160w\" sizes=\"auto, (max-width: 644px) 100vw, 644px\" \/><\/a><\/div><div class=\"w-vwrapper usg_vwrapper_1 align_none valign_top\"><h2 class=\"w-post-elm post_title usg_post_title_1 entry-title color_link_inherit\"><a href=\"https:\/\/cyclosphera.com\/ca\/la-teva-bici-a-lhivern\/\">LA TEVA BICI A L&#8217;HIVERN<\/a><\/h2><div class=\"w-hwrapper usg_hwrapper_1 align_none valign_top wrap\"><time class=\"w-post-elm post_date usg_post_date_1 entry-date published\" datetime=\"2022-04-14T07:07:35+00:00\" title=\"14 abril 2022 a les 07:07:35 +00:00\">14 abr. 2022<\/time><\/div><div class=\"w-post-elm post_content usg_post_content_1\">LA TEVA BICI A L&#8217;HIVERN La nostra bicicleta, segons la humitat de la nostra zona, a l&#8217;hivern l&#8217;hem de prestar&hellip;<\/div><\/div>\t\t<\/div>\r\n\t<\/article>\r\n<\/div><div class=\"w-grid-preloader\"><div class=\"g-preloader type_1\">\r\n\t<div><\/div>\r\n<\/div>\r\n<\/div>\t<div class=\"w-grid-json hidden\" onclick='return {&quot;action&quot;:&quot;us_ajax_grid&quot;,&quot;ajax_url&quot;:&quot;https:\\\/\\\/cyclosphera.com\\\/wp-admin\\\/admin-ajax.php&quot;,&quot;infinite_scroll&quot;:0,&quot;max_num_pages&quot;:1,&quot;pagination&quot;:&quot;none&quot;,&quot;permalink_url&quot;:&quot;https:\\\/\\\/cyclosphera.com\\\/ca\\\/wp-json\\\/wp\\\/v2\\\/pages\\\/1014\\\/&quot;,&quot;template_vars&quot;:{&quot;columns&quot;:&quot;3&quot;,&quot;exclude_items&quot;:&quot;none&quot;,&quot;img_size&quot;:&quot;default&quot;,&quot;ignore_items_size&quot;:false,&quot;items_layout&quot;:&quot;524&quot;,&quot;items_offset&quot;:&quot;1&quot;,&quot;load_animation&quot;:&quot;none&quot;,&quot;overriding_link&quot;:&quot;none&quot;,&quot;post_id&quot;:1014,&quot;query_args&quot;:{&quot;post_type&quot;:[&quot;post&quot;],&quot;post_status&quot;:[&quot;publish&quot;],&quot;posts_per_page&quot;:&quot;10&quot;},&quot;orderby_query_args&quot;:{&quot;orderby&quot;:{&quot;date&quot;:&quot;DESC&quot;}},&quot;type&quot;:&quot;masonry&quot;,&quot;us_grid_ajax_index&quot;:1,&quot;us_grid_filter_params&quot;:null,&quot;us_grid_index&quot;:1,&quot;_us_grid_post_type&quot;:&quot;post&quot;,&quot;lang&quot;:&quot;ca&quot;}}'><\/div>\r\n\t<\/div><\/div><\/div><\/div><\/div><\/section>\n","protected":false},"excerpt":{"rendered":"LA TEVA BICI A L'HIVERN La nostra bicicleta, segons la humitat de la nostra zona, a l'hivern l'hem de prestar una miqueta m\u00e9s d'atenci\u00f3. I \u00e9s que amb la humitat en si de l'hivern i que \u00e9s m\u00e9s propens en pluges i tamb\u00e9 neu, la nostra bici es veu involucrada en m\u00e9s d'un joc de...","protected":false},"author":1,"featured_media":0,"parent":0,"menu_order":0,"comment_status":"closed","ping_status":"closed","template":"","meta":{"om_disable_all_campaigns":false,"footnotes":""},"class_list":["post-1014","page","type-page","status-publish","hentry"],"aioseo_notices":[],"_links":{"self":[{"href":"https:\/\/cyclosphera.com\/ca\/wp-json\/wp\/v2\/pages\/1014","targetHints":{"allow":["GET"]}}],"collection":[{"href":"https:\/\/cyclosphera.com\/ca\/wp-json\/wp\/v2\/pages"}],"about":[{"href":"https:\/\/cyclosphera.com\/ca\/wp-json\/wp\/v2\/types\/page"}],"author":[{"embeddable":true,"href":"https:\/\/cyclosphera.com\/ca\/wp-json\/wp\/v2\/users\/1"}],"replies":[{"embeddable":true,"href":"https:\/\/cyclosphera.com\/ca\/wp-json\/wp\/v2\/comments?post=1014"}],"version-history":[{"count":9,"href":"https:\/\/cyclosphera.com\/ca\/wp-json\/wp\/v2\/pages\/1014\/revisions"}],"predecessor-version":[{"id":1350,"href":"https:\/\/cyclosphera.com\/ca\/wp-json\/wp\/v2\/pages\/1014\/revisions\/1350"}],"wp:attachment":[{"href":"https:\/\/cyclosphera.com\/ca\/wp-json\/wp\/v2\/media?parent=1014"}],"curies":[{"name":"wp","href":"https:\/\/api.w.org\/{rel}","templated":true}]}}