{"id":1002,"date":"2021-12-22T08:49:27","date_gmt":"2021-12-22T08:49:27","guid":{"rendered":"https:\/\/cyclosphera.com\/?page_id=1002"},"modified":"2025-11-27T09:05:52","modified_gmt":"2025-11-27T09:05:52","slug":"qui-som","status":"publish","type":"page","link":"https:\/\/cyclosphera.com\/ca\/qui-som\/","title":{"rendered":"Qui som"},"content":{"rendered":"<section class=\"l-section wpb_row us_custom_6bdb45d7 height_auto\" id=\"slider\"><div class=\"l-section-h i-cf\"><div class=\"g-cols via_grid cols_1 laptops-cols_inherit tablets-cols_inherit mobiles-cols_1 valign_top type_default\"><div class=\"wpb_column vc_column_container\"><div class=\"vc_column-inner\"><div class=\"w-separator size_custom\" style=\"height:250px\"><\/div><div class=\"wpb_text_column us_custom_6df4bc3a has_text_color\"><div class=\"wpb_wrapper\"><h2 style=\"text-align: center;\">Qui som<\/h2>\n<\/div><\/div><div class=\"w-separator size_custom\" style=\"height:250px\"><\/div><\/div><\/div><\/div><\/div><\/section><section class=\"l-section wpb_row height_small\"><div class=\"l-section-h i-cf\"><div class=\"g-cols via_grid cols_2 laptops-cols_inherit tablets-cols_inherit mobiles-cols_1 valign_top type_default\"><div class=\"wpb_column vc_column_container\"><div class=\"vc_column-inner\"><div class=\"w-image us_custom_fafbe096 us_animate_this has_ratio align_none\"><div class=\"w-image-h\"><div style=\"padding-bottom:100%\"><\/div><img loading=\"lazy\" decoding=\"async\" width=\"1200\" height=\"1600\" src=\"https:\/\/cyclosphera.com\/wp-content\/uploads\/2022\/08\/Nan.jpeg\" class=\"attachment-full size-full\" alt=\"\" srcset=\"https:\/\/cyclosphera.com\/wp-content\/uploads\/2022\/08\/Nan.jpeg 1200w, https:\/\/cyclosphera.com\/wp-content\/uploads\/2022\/08\/Nan-225x300.jpeg 225w, https:\/\/cyclosphera.com\/wp-content\/uploads\/2022\/08\/Nan-768x1024.jpeg 768w, https:\/\/cyclosphera.com\/wp-content\/uploads\/2022\/08\/Nan-300x400.jpeg 300w, https:\/\/cyclosphera.com\/wp-content\/uploads\/2022\/08\/Nan-450x600.jpeg 450w, https:\/\/cyclosphera.com\/wp-content\/uploads\/2022\/08\/Nan-188x250.jpeg 188w\" sizes=\"auto, (max-width: 1200px) 100vw, 1200px\" \/><\/div><\/div><div class=\"w-separator size_medium\"><\/div><div class=\"wpb_text_column\"><div class=\"wpb_wrapper\"><p style=\"text-align: center;\">S\u00f3c l\u2019Hernan, per\u00f2 tothom em coneix com en Nan. Em trobareu al taller amb les mans brutes reparant tot tipus de bicis, assessorant i resolent, en tot el que pugui, els vostres dubtes. Amb tant sols 11 anys ja vaig comen\u00e7ar a remenar i reparar les bicis dels meus amics, aix\u00ed que porto quasi tota la meva vida en aquest m\u00f3n.<\/p>\n<p style=\"text-align: center;\">He competit a nivell amateur en diferents disciplines com DH, Enduro, Rally, Marathon,&#8230; per\u00f2 m\u2019agraden tot tipus de bicis, rutes i aventures sobre elles, sol o acompanyat. La bici m\u2019ha donat quasi tots els amics que tinc i molts dels meus millors records.<\/p>\n<\/div><\/div><\/div><\/div><div class=\"wpb_column vc_column_container\"><div class=\"vc_column-inner\"><div class=\"w-image us_custom_fafbe096 us_animate_this has_ratio align_none\"><div class=\"w-image-h\"><div style=\"padding-bottom:100%\"><\/div><img loading=\"lazy\" decoding=\"async\" width=\"2048\" height=\"1861\" src=\"https:\/\/cyclosphera.com\/wp-content\/uploads\/2022\/08\/Mariona.jpeg\" class=\"attachment-full size-full\" alt=\"\" srcset=\"https:\/\/cyclosphera.com\/wp-content\/uploads\/2022\/08\/Mariona.jpeg 2048w, https:\/\/cyclosphera.com\/wp-content\/uploads\/2022\/08\/Mariona-300x273.jpeg 300w, https:\/\/cyclosphera.com\/wp-content\/uploads\/2022\/08\/Mariona-1024x931.jpeg 1024w, https:\/\/cyclosphera.com\/wp-content\/uploads\/2022\/08\/Mariona-440x400.jpeg 440w, https:\/\/cyclosphera.com\/wp-content\/uploads\/2022\/08\/Mariona-660x600.jpeg 660w, https:\/\/cyclosphera.com\/wp-content\/uploads\/2022\/08\/Mariona-275x250.jpeg 275w\" sizes=\"auto, (max-width: 2048px) 100vw, 2048px\" \/><\/div><\/div><div class=\"w-separator size_medium\"><\/div><div class=\"wpb_text_column\"><div class=\"wpb_wrapper\"><p style=\"text-align: center;\">Soc la Mariona, la part dels n\u00fameros i marketing de Cyclosphera. A la nostra botiga\/taller, em veureu concentrada a l\u2019ordinador fent comandes, entrant factures, responent mails\u00a0 i portant tota la part que no es veu d\u2019un negoci. Per\u00f2 tamb\u00e9 em trobareu a la botiga atenent i recepcionant les vostres entrades a taller o fent manteniments de suspensions.<\/p>\n<p style=\"text-align: center;\">Estic en formaci\u00f3 constant per aprendre-ho tot i donar-vos un bon servei tant a botiga com al taller amb en Nan.<\/p>\n<\/div><\/div><\/div><\/div><\/div><\/div><\/section><section class=\"l-section wpb_row height_small\"><div class=\"l-section-h i-cf\"><div class=\"g-cols via_grid cols_1 laptops-cols_inherit tablets-cols_inherit mobiles-cols_1 valign_top type_default\"><div class=\"wpb_column vc_column_container us_custom_e4eb24e1 has_bg_color\"><div class=\"vc_column-inner\"><div class=\"wpb_text_column\"><div class=\"wpb_wrapper\"><p style=\"text-align: center;\">Els dos formem un t\u00e0ndem tot terreny. Ens coneixem des de fa m\u00e9s de 20 anys i en el nostre temps lliure ens encanta viatjar i con\u00e8ixer llocs nous, encara que estiguin a la cantonada. Gaudim envoltats de natura i no hi ha millor forma que fer-ho en bici.<\/p>\n<\/div><\/div><\/div><\/div><\/div><\/div><\/section><section class=\"l-section wpb_row height_auto width_full\" id=\"slider1\"><div class=\"l-section-h i-cf\"><div class=\"g-cols via_grid cols_1 laptops-cols_inherit tablets-cols_inherit mobiles-cols_1 valign_top type_default\"><div class=\"wpb_column vc_column_container\"><div class=\"vc_column-inner\"><div class=\"w-separator size_custom\" style=\"height:300px\"><\/div><div class=\"g-cols wpb_row via_grid cols_custom laptops-cols_inherit tablets-cols_inherit mobiles-cols_1 valign_top type_default\" style=\"--custom-columns:1fr 2fr 2fr 1fr \" id=\"banner-home\"><div class=\"wpb_column vc_column_container\"><div class=\"vc_column-inner\"><\/div><\/div><div class=\"wpb_column vc_column_container\"><div class=\"vc_column-inner\"><div class=\"wpb_text_column us_custom_a8dadebb has_text_color us_animate_this\"><div class=\"wpb_wrapper\"><p><strong>La idea de Cyclosphera va sortir al 2017 i a finals del 2019 es va fer realitat. Encara que vam patir la pand\u00e8mia als 4 mesos de l\u2019obertura i amb aix\u00f2, el tancament de la botiga durant un temps, estem molt feli\u00e7os amb el que estem construint i l\u2019acceptaci\u00f3 per part dels nostres clients.<\/strong><\/p>\n<p><strong>El punt bo de treballar els dos junts \u00e9s que totes les decisions i idees que tenim, les treballem i desenvolupem conjuntament fins que ens convencen a tots dos. La nostra visi\u00f3 de negoci i la vida \u00e9s molt similar, i aix\u00f2 es reflexa a Cyclosphera.<\/strong><\/p>\n<\/div><\/div><\/div><\/div><div class=\"wpb_column vc_column_container\"><div class=\"vc_column-inner\"><div class=\"wpb_text_column us_custom_b68be268 has_text_color us_animate_this\"><div class=\"wpb_wrapper\"><p><strong>Cyclosphera \u00e9s el nostre somni, un repte aconseguit, la nostra porta al m\u00f3n. Som marit i muller, ho compartim tot i ens encanta el que fem.<\/strong><\/p>\n<p><strong>Durant els nostres viatges en furgoneta, sempre portem una llibreta per anotar totes les idees que ens venen al cap. Cam\u00ed cap a un dels nostres viatges a Cantabria, v\u00e0rem perfilar tot el que vol\u00edem que fos Cyclosphera. I aqu\u00ed estem!<\/strong><\/p>\n<\/div><\/div><\/div><\/div><div class=\"wpb_column vc_column_container\"><div class=\"vc_column-inner\"><\/div><\/div><\/div><div class=\"w-separator size_custom\" style=\"height:300px\"><\/div><\/div><\/div><\/div><\/div><\/section><!-- Row Backgrounds --><div class=\"upb_bg_img\" data-ultimate-bg=\"url(https:\/\/cyclosphera.com\/wp-content\/uploads\/2022\/08\/qui-som.jpeg)\" data-image-id=\"id^1344|url^https:\/\/cyclosphera.com\/wp-content\/uploads\/2022\/08\/qui-som.jpeg|caption^null|alt^null|title^qui som|description^null\" data-ultimate-bg-style=\"vcpb-vz-jquery\" data-bg-img-repeat=\"no-repeat\" data-bg-img-size=\"cover\" data-bg-img-position=\"\" data-parallx_sense=\"30\" data-bg-override=\"0\" data-bg_img_attach=\"fixed\" data-upb-overlay-color=\"\" data-upb-bg-animation=\"\" data-fadeout=\"fadeout_row_value\" data-bg-animation=\"left-animation\" data-bg-animation-type=\"h\" data-animation-repeat=\"repeat\" data-fadeout-percentage=\"100\" data-parallax-content=\"parallax_content_value\" data-parallax-content-sense=\"70\" data-row-effect-mobile-disable=\"true\" data-img-parallax-mobile-disable=\"true\" data-rtl=\"false\"  data-custom-vc-row=\"\"  data-vc=\"6.7.0\"  data-is_old_vc=\"\"  data-theme-support=\"\"   data-overlay=\"false\" data-overlay-color=\"\" data-overlay-pattern=\"\" data-overlay-pattern-opacity=\"\" data-overlay-pattern-size=\"\"    ><\/div>\n","protected":false},"excerpt":{"rendered":"Qui som S\u00f3c l\u2019Hernan, per\u00f2 tothom em coneix com en Nan. Em trobareu al taller amb les mans brutes reparant tot tipus de bicis, assessorant i resolent, en tot el que pugui, els vostres dubtes. Amb tant sols 11 anys ja vaig comen\u00e7ar a remenar i reparar les bicis dels meus amics, aix\u00ed que porto...","protected":false},"author":1,"featured_media":0,"parent":0,"menu_order":0,"comment_status":"closed","ping_status":"closed","template":"","meta":{"om_disable_all_campaigns":false,"footnotes":""},"class_list":["post-1002","page","type-page","status-publish","hentry"],"aioseo_notices":[],"_links":{"self":[{"href":"https:\/\/cyclosphera.com\/ca\/wp-json\/wp\/v2\/pages\/1002","targetHints":{"allow":["GET"]}}],"collection":[{"href":"https:\/\/cyclosphera.com\/ca\/wp-json\/wp\/v2\/pages"}],"about":[{"href":"https:\/\/cyclosphera.com\/ca\/wp-json\/wp\/v2\/types\/page"}],"author":[{"embeddable":true,"href":"https:\/\/cyclosphera.com\/ca\/wp-json\/wp\/v2\/users\/1"}],"replies":[{"embeddable":true,"href":"https:\/\/cyclosphera.com\/ca\/wp-json\/wp\/v2\/comments?post=1002"}],"version-history":[{"count":10,"href":"https:\/\/cyclosphera.com\/ca\/wp-json\/wp\/v2\/pages\/1002\/revisions"}],"predecessor-version":[{"id":2279,"href":"https:\/\/cyclosphera.com\/ca\/wp-json\/wp\/v2\/pages\/1002\/revisions\/2279"}],"wp:attachment":[{"href":"https:\/\/cyclosphera.com\/ca\/wp-json\/wp\/v2\/media?parent=1002"}],"curies":[{"name":"wp","href":"https:\/\/api.w.org\/{rel}","templated":true}]}}