{"id":1000,"date":"2022-04-19T14:04:29","date_gmt":"2022-04-19T14:04:29","guid":{"rendered":"https:\/\/cyclosphera.com\/?page_id=1000"},"modified":"2026-01-28T18:24:41","modified_gmt":"2026-01-28T18:24:41","slug":"taller","status":"publish","type":"page","link":"https:\/\/cyclosphera.com\/ca\/taller\/","title":{"rendered":"Taller"},"content":{"rendered":"<section class=\"l-section wpb_row height_auto with_img\" id=\"slider\"><div class=\"l-section-img\" style=\"background-image: url(https:\/\/cyclosphera.com\/wp-content\/uploads\/2025\/11\/Cyclosphera-_-Nafent-_-Workshop-12-scaled.jpg);background-repeat: no-repeat;\" data-img-width=\"2560\" data-img-height=\"1706\"><\/div><div class=\"l-section-h i-cf\"><div class=\"g-cols via_grid cols_1 laptops-cols_inherit tablets-cols_inherit mobiles-cols_1 valign_top type_default\"><div class=\"wpb_column vc_column_container\"><div class=\"vc_column-inner\"><div class=\"w-separator size_custom\" style=\"height:250px\"><\/div><div class=\"wpb_text_column us_custom_a644fb4b has_text_color us_animate_this\"><div class=\"wpb_wrapper\"><h2 style=\"text-align: center;\"><strong>Taller<\/strong><\/h2>\n<\/div><\/div><div class=\"w-separator size_custom\" style=\"height:250px\"><\/div><\/div><\/div><\/div><\/div><\/section><section class=\"l-section wpb_row height_medium\"><div class=\"l-section-h i-cf\"><div class=\"g-cols via_grid cols_2 laptops-cols_inherit tablets-cols_inherit mobiles-cols_1 valign_middle type_default\"><div class=\"wpb_column vc_column_container\"><div class=\"vc_column-inner\"><div class=\"w-image us_custom_8f7b07a9 img-esquerra us_animate_this align_center\" id=\"img-esquerra\"><div class=\"w-image-h\"><img loading=\"lazy\" decoding=\"async\" width=\"1707\" height=\"2560\" src=\"https:\/\/cyclosphera.com\/wp-content\/uploads\/2025\/11\/Cyclosphera-_-Nafent-_-Workshop-17-scaled.jpg\" class=\"attachment-full size-full\" alt=\"\" srcset=\"https:\/\/cyclosphera.com\/wp-content\/uploads\/2025\/11\/Cyclosphera-_-Nafent-_-Workshop-17-scaled.jpg 1707w, https:\/\/cyclosphera.com\/wp-content\/uploads\/2025\/11\/Cyclosphera-_-Nafent-_-Workshop-17-200x300.jpg 200w, https:\/\/cyclosphera.com\/wp-content\/uploads\/2025\/11\/Cyclosphera-_-Nafent-_-Workshop-17-683x1024.jpg 683w, https:\/\/cyclosphera.com\/wp-content\/uploads\/2025\/11\/Cyclosphera-_-Nafent-_-Workshop-17-267x400.jpg 267w, https:\/\/cyclosphera.com\/wp-content\/uploads\/2025\/11\/Cyclosphera-_-Nafent-_-Workshop-17-400x600.jpg 400w, https:\/\/cyclosphera.com\/wp-content\/uploads\/2025\/11\/Cyclosphera-_-Nafent-_-Workshop-17-167x250.jpg 167w\" sizes=\"auto, (max-width: 1707px) 100vw, 1707px\" \/><\/div><\/div><\/div><\/div><div class=\"wpb_column vc_column_container\"><div class=\"vc_column-inner\"><div class=\"w-separator size_small\"><\/div><div class=\"wpb_text_column\"><div class=\"wpb_wrapper\"><h3 style=\"text-align: center;\"><strong>Taller<\/strong><\/h3>\n<\/div><\/div><div class=\"w-separator size_custom with_line width_50 thick_3 style_solid color_secondary align_center\" style=\"height:20px\"><div class=\"w-separator-h\"><\/div><\/div><div class=\"w-separator size_small\"><\/div><div class=\"wpb_text_column\"><div class=\"wpb_wrapper\"><p style=\"text-align: center;\">Mec\u00e0nica integral de la bicicleta. Som un taller multimarca. Des d\u2019una punxada fins a preparar-te la bici per a una gran cursa. Reparem suspensions, diagn\u00f2stic i reparaci\u00f3 de Shimano Di2 i SRAM, centrat i muntatge de rodes, entre moltes altres coses. Vine a veure\u2019ns i et buscarem la millor soluci\u00f3.<\/p>\n<\/div><\/div><\/div><\/div><\/div><\/div><\/section><!-- Row Backgrounds --><div class=\"upb_color\" data-bg-override=\"0\" data-bg-color=\"#ffffff\" data-fadeout=\"fadeout_row_value\" data-fadeout-percentage=\"100\" data-parallax-content=\"parallax_content_value\" data-parallax-content-sense=\"70\" data-row-effect-mobile-disable=\"true\" data-img-parallax-mobile-disable=\"true\" data-rtl=\"false\"  data-custom-vc-row=\"\"  data-vc=\"6.7.0\"  data-is_old_vc=\"\"  data-theme-support=\"\"   data-overlay=\"false\" data-overlay-color=\"\" data-overlay-pattern=\"\" data-overlay-pattern-opacity=\"\" data-overlay-pattern-size=\"\"    ><\/div><section class=\"l-section wpb_row height_medium\"><div class=\"l-section-h i-cf\"><div class=\"g-cols via_grid cols_2 laptops-cols_inherit tablets-cols_inherit mobiles-cols_1 valign_middle type_default reversed\"><div class=\"wpb_column vc_column_container\"><div class=\"vc_column-inner\"><div class=\"w-separator size_small\"><\/div><div class=\"wpb_text_column\"><div class=\"wpb_wrapper\"><h3 style=\"text-align: center;\"><strong>Neteja amb ultrasons i banys de lubricant\u00a0<\/strong><\/h3>\n<\/div><\/div><div class=\"w-separator size_custom with_line width_50 thick_3 style_solid color_secondary align_center\" style=\"height:20px\"><div class=\"w-separator-h\"><\/div><\/div><div class=\"w-separator size_small\"><\/div><div class=\"wpb_text_column\"><div class=\"wpb_wrapper\"><p style=\"text-align: center;\">Vols els teus components impecables? Disposem d\u2019una m\u00e0quina d\u2019ultrasons espec\u00edfica per a components de bicicleta, amb una pot\u00e8ncia superior a les convencionals, per a deixar-ho tot impol\u00b7lut.<br \/>\nNOU SERVEI!: Ara tamb\u00e9 fem banys amb ultrasons i lubricant per a la teva cadena amb Muc-Off (amb el lubricant Ludicrous o b\u00e9 amb Hydrodynamic). Allarga la vida de la cadena i optimitza el seu funcionament.<\/p>\n<\/div><\/div><\/div><\/div><div class=\"wpb_column vc_column_container\"><div class=\"vc_column-inner\"><div class=\"w-image us_custom_ff13c409 img-dreta us_animate_this align_center\" id=\"img-dreta\"><div class=\"w-image-h\"><img loading=\"lazy\" decoding=\"async\" width=\"2048\" height=\"1536\" src=\"https:\/\/cyclosphera.com\/wp-content\/uploads\/2022\/08\/ultrasons.jpeg\" class=\"attachment-full size-full\" alt=\"\" srcset=\"https:\/\/cyclosphera.com\/wp-content\/uploads\/2022\/08\/ultrasons.jpeg 2048w, https:\/\/cyclosphera.com\/wp-content\/uploads\/2022\/08\/ultrasons-300x225.jpeg 300w, https:\/\/cyclosphera.com\/wp-content\/uploads\/2022\/08\/ultrasons-1024x768.jpeg 1024w, https:\/\/cyclosphera.com\/wp-content\/uploads\/2022\/08\/ultrasons-533x400.jpeg 533w, https:\/\/cyclosphera.com\/wp-content\/uploads\/2022\/08\/ultrasons-800x600.jpeg 800w, https:\/\/cyclosphera.com\/wp-content\/uploads\/2022\/08\/ultrasons-333x250.jpeg 333w\" sizes=\"auto, (max-width: 2048px) 100vw, 2048px\" \/><\/div><\/div><\/div><\/div><\/div><\/div><\/section><!-- Row Backgrounds --><div class=\"upb_color\" data-bg-override=\"0\" data-bg-color=\"#e8e8e8\" data-fadeout=\"fadeout_row_value\" data-fadeout-percentage=\"100\" data-parallax-content=\"parallax_content_value\" data-parallax-content-sense=\"70\" data-row-effect-mobile-disable=\"true\" data-img-parallax-mobile-disable=\"true\" data-rtl=\"false\"  data-custom-vc-row=\"\"  data-vc=\"6.7.0\"  data-is_old_vc=\"\"  data-theme-support=\"\"   data-overlay=\"false\" data-overlay-color=\"\" data-overlay-pattern=\"\" data-overlay-pattern-opacity=\"\" data-overlay-pattern-size=\"\"    data-seperator=\"true\"  data-seperator-type=\"tilt_left_seperator\"  data-seperator-shape-size=\"40\"  data-seperator-svg-height=\"60\"  data-seperator-full-width=\"true\" data-seperator-position=\"top_seperator\"  data-seperator-background-color=\"#fff\"  data-icon=\"\"  ><\/div><section class=\"l-section wpb_row height_medium\"><div class=\"l-section-h i-cf\"><div class=\"g-cols via_grid cols_2 laptops-cols_inherit tablets-cols_inherit mobiles-cols_1 valign_middle type_default\"><div class=\"wpb_column vc_column_container\"><div class=\"vc_column-inner\"><div class=\"w-image us_custom_8f7b07a9 img-esquerra us_animate_this align_center\" id=\"img-esquerra\"><div class=\"w-image-h\"><img loading=\"lazy\" decoding=\"async\" width=\"2048\" height=\"1536\" src=\"https:\/\/cyclosphera.com\/wp-content\/uploads\/2022\/08\/bikefitting.jpeg\" class=\"attachment-full size-full\" alt=\"\" srcset=\"https:\/\/cyclosphera.com\/wp-content\/uploads\/2022\/08\/bikefitting.jpeg 2048w, https:\/\/cyclosphera.com\/wp-content\/uploads\/2022\/08\/bikefitting-300x225.jpeg 300w, https:\/\/cyclosphera.com\/wp-content\/uploads\/2022\/08\/bikefitting-1024x768.jpeg 1024w, https:\/\/cyclosphera.com\/wp-content\/uploads\/2022\/08\/bikefitting-533x400.jpeg 533w, https:\/\/cyclosphera.com\/wp-content\/uploads\/2022\/08\/bikefitting-800x600.jpeg 800w, https:\/\/cyclosphera.com\/wp-content\/uploads\/2022\/08\/bikefitting-333x250.jpeg 333w\" sizes=\"auto, (max-width: 2048px) 100vw, 2048px\" \/><\/div><\/div><\/div><\/div><div class=\"wpb_column vc_column_container\"><div class=\"vc_column-inner\"><div class=\"w-separator size_small\"><\/div><div class=\"wpb_text_column\"><div class=\"wpb_wrapper\"><h3 style=\"text-align: center;\"><strong>Bikefitting<\/strong><\/h3>\n<\/div><\/div><div class=\"w-separator size_custom with_line width_50 thick_3 style_solid color_secondary align_center\" style=\"height:20px\"><div class=\"w-separator-h\"><\/div><\/div><div class=\"w-separator size_small\"><\/div><div class=\"wpb_text_column\"><div class=\"wpb_wrapper\"><p style=\"text-align: center;\">Posarem la teva bici amb les mesures correctes per a qu\u00e8 no pateixis a les sortides. Prendrem les mesures amb un equip espec\u00edfic, t\u2019informarem dels resultats i ajustarem la bicicleta per aconseguir el m\u00e0xim confort. (Servei gratu\u00eft per la compra d\u2019una bici a la nostra botiga).<\/p>\n<\/div><\/div><\/div><\/div><\/div><\/div><\/section><!-- Row Backgrounds --><div class=\"upb_color\" data-bg-override=\"0\" data-bg-color=\"#ffffff\" data-fadeout=\"fadeout_row_value\" data-fadeout-percentage=\"100\" data-parallax-content=\"parallax_content_value\" data-parallax-content-sense=\"70\" data-row-effect-mobile-disable=\"true\" data-img-parallax-mobile-disable=\"true\" data-rtl=\"false\"  data-custom-vc-row=\"\"  data-vc=\"6.7.0\"  data-is_old_vc=\"\"  data-theme-support=\"\"   data-overlay=\"false\" data-overlay-color=\"\" data-overlay-pattern=\"\" data-overlay-pattern-opacity=\"\" data-overlay-pattern-size=\"\"    ><\/div><section class=\"l-section wpb_row height_medium\"><div class=\"l-section-h i-cf\"><div class=\"g-cols via_grid cols_2 laptops-cols_inherit tablets-cols_inherit mobiles-cols_1 valign_middle type_default reversed\"><div class=\"wpb_column vc_column_container\"><div class=\"vc_column-inner\"><div class=\"w-separator size_small\"><\/div><div class=\"wpb_text_column\"><div class=\"wpb_wrapper\"><h3 style=\"text-align: center;\"><strong>Manteniment de Suspensions<\/strong><\/h3>\n<\/div><\/div><div class=\"w-separator size_custom with_line width_50 thick_3 style_solid color_secondary align_center\" style=\"height:20px\"><div class=\"w-separator-h\"><\/div><\/div><div class=\"w-separator size_small\"><\/div><div class=\"wpb_text_column\"><div class=\"wpb_wrapper\"><p style=\"text-align: center;\">Som servei t\u00e8cnic en suspensions FOX i RockShox.<br \/>\nUtilitzem recanvi original per garantir el seu funcionament \u00f3ptim.<\/p>\n<\/div><\/div><\/div><\/div><div class=\"wpb_column vc_column_container\"><div class=\"vc_column-inner\"><div class=\"w-image us_custom_ff13c409 img-dreta us_animate_this align_center\" id=\"img-dreta\"><div class=\"w-image-h\"><img loading=\"lazy\" decoding=\"async\" width=\"1600\" height=\"1200\" src=\"https:\/\/cyclosphera.com\/wp-content\/uploads\/2025\/07\/WhatsApp-Image-2025-07-10-at-10.09.27.jpeg\" class=\"attachment-full size-full\" alt=\"\" srcset=\"https:\/\/cyclosphera.com\/wp-content\/uploads\/2025\/07\/WhatsApp-Image-2025-07-10-at-10.09.27.jpeg 1600w, https:\/\/cyclosphera.com\/wp-content\/uploads\/2025\/07\/WhatsApp-Image-2025-07-10-at-10.09.27-300x225.jpeg 300w, https:\/\/cyclosphera.com\/wp-content\/uploads\/2025\/07\/WhatsApp-Image-2025-07-10-at-10.09.27-1024x768.jpeg 1024w, https:\/\/cyclosphera.com\/wp-content\/uploads\/2025\/07\/WhatsApp-Image-2025-07-10-at-10.09.27-533x400.jpeg 533w, https:\/\/cyclosphera.com\/wp-content\/uploads\/2025\/07\/WhatsApp-Image-2025-07-10-at-10.09.27-800x600.jpeg 800w, https:\/\/cyclosphera.com\/wp-content\/uploads\/2025\/07\/WhatsApp-Image-2025-07-10-at-10.09.27-333x250.jpeg 333w\" sizes=\"auto, (max-width: 1600px) 100vw, 1600px\" \/><\/div><\/div><\/div><\/div><\/div><\/div><\/section><!-- Row Backgrounds --><div class=\"upb_color\" data-bg-override=\"0\" data-bg-color=\"#e8e8e8\" data-fadeout=\"fadeout_row_value\" data-fadeout-percentage=\"100\" data-parallax-content=\"parallax_content_value\" data-parallax-content-sense=\"70\" data-row-effect-mobile-disable=\"true\" data-img-parallax-mobile-disable=\"true\" data-rtl=\"false\"  data-custom-vc-row=\"\"  data-vc=\"6.7.0\"  data-is_old_vc=\"\"  data-theme-support=\"\"   data-overlay=\"false\" data-overlay-color=\"\" data-overlay-pattern=\"\" data-overlay-pattern-opacity=\"\" data-overlay-pattern-size=\"\"    data-seperator=\"true\"  data-seperator-type=\"tilt_right_seperator\"  data-seperator-shape-size=\"40\"  data-seperator-svg-height=\"60\"  data-seperator-full-width=\"true\" data-seperator-position=\"top_seperator\"  data-seperator-background-color=\"#fff\"  data-icon=\"\"  ><\/div><section class=\"l-section wpb_row height_medium\"><div class=\"l-section-h i-cf\"><div class=\"g-cols via_grid cols_2 laptops-cols_inherit tablets-cols_inherit mobiles-cols_1 valign_middle type_default\"><div class=\"wpb_column vc_column_container\"><div class=\"vc_column-inner\"><div class=\"w-image us_custom_8f7b07a9 img-esquerra us_animate_this align_center\" id=\"img-esquerra\"><div class=\"w-image-h\"><img loading=\"lazy\" decoding=\"async\" width=\"827\" height=\"1024\" src=\"https:\/\/cyclosphera.com\/wp-content\/uploads\/2022\/08\/Enviaments.jpeg\" class=\"attachment-full size-full\" alt=\"\" srcset=\"https:\/\/cyclosphera.com\/wp-content\/uploads\/2022\/08\/Enviaments.jpeg 827w, https:\/\/cyclosphera.com\/wp-content\/uploads\/2022\/08\/Enviaments-242x300.jpeg 242w, https:\/\/cyclosphera.com\/wp-content\/uploads\/2022\/08\/Enviaments-323x400.jpeg 323w, https:\/\/cyclosphera.com\/wp-content\/uploads\/2022\/08\/Enviaments-485x600.jpeg 485w, https:\/\/cyclosphera.com\/wp-content\/uploads\/2022\/08\/Enviaments-202x250.jpeg 202w\" sizes=\"auto, (max-width: 827px) 100vw, 827px\" \/><\/div><\/div><\/div><\/div><div class=\"wpb_column vc_column_container\"><div class=\"vc_column-inner\"><div class=\"w-separator size_small\"><\/div><div class=\"wpb_text_column\"><div class=\"wpb_wrapper\"><h3 style=\"text-align: center;\"><strong>Enviament de bicicletes<\/strong><\/h3>\n<\/div><\/div><div class=\"w-separator size_custom with_line width_50 thick_3 style_solid color_secondary align_center\" style=\"height:20px\"><div class=\"w-separator-h\"><\/div><\/div><div class=\"w-separator size_small\"><\/div><div class=\"wpb_text_column\"><div class=\"wpb_wrapper\"><p style=\"text-align: center;\">Preparem la teva bici per ser enviada o la rebem despr\u00e9s del teu viatge. Per a l\u2019enviament, la posem a punt i l\u2019empaquetem en una caixa espec\u00edfica. Per a la rebuda de la bici, una vegada treta de la caixa, la muntem i li fem una revisi\u00f3.<\/p>\n<\/div><\/div><\/div><\/div><\/div><\/div><\/section><!-- Row Backgrounds --><div class=\"upb_color\" data-bg-override=\"0\" data-bg-color=\"#ffffff\" data-fadeout=\"fadeout_row_value\" data-fadeout-percentage=\"100\" data-parallax-content=\"parallax_content_value\" data-parallax-content-sense=\"70\" data-row-effect-mobile-disable=\"true\" data-img-parallax-mobile-disable=\"true\" data-rtl=\"false\"  data-custom-vc-row=\"\"  data-vc=\"6.7.0\"  data-is_old_vc=\"\"  data-theme-support=\"\"   data-overlay=\"false\" data-overlay-color=\"\" data-overlay-pattern=\"\" data-overlay-pattern-opacity=\"\" data-overlay-pattern-size=\"\"    ><\/div><section class=\"l-section wpb_row height_medium\"><div class=\"l-section-h i-cf\"><div class=\"g-cols via_grid cols_2 laptops-cols_inherit tablets-cols_inherit mobiles-cols_1 valign_middle type_default reversed\"><div class=\"wpb_column vc_column_container\"><div class=\"vc_column-inner\"><div class=\"w-separator size_small\"><\/div><div class=\"wpb_text_column\"><div class=\"wpb_wrapper\"><h3 style=\"text-align: center;\"><strong>Servei en curses<\/strong><\/h3>\n<\/div><\/div><div class=\"w-separator size_custom with_line width_50 thick_3 style_solid color_secondary align_center\" style=\"height:20px\"><div class=\"w-separator-h\"><\/div><\/div><div class=\"w-separator size_small\"><\/div><div class=\"wpb_text_column\"><div class=\"wpb_wrapper\"><p style=\"text-align: center;\">Vols fer alguna cursa \u00e8pica i necessites assist\u00e8ncia t\u00e8cnica durant el recorregut? El nostre servei pot incloure tant assist\u00e8ncia t\u00e8cnica com de nutrici\u00f3 si la necessites. T\u2019oferim aquest servei a mida, demana\u2019ns informaci\u00f3.<br \/>\nOrganitzes curses i hi necessites un punt d&#8217;assist\u00e8ncia t\u00e8cnica? No ho dubtis! Contacta amb nosaltres i expl\u00edcans el que necessites.<\/p>\n<\/div><\/div><\/div><\/div><div class=\"wpb_column vc_column_container\"><div class=\"vc_column-inner\"><div class=\"w-image us_custom_ff13c409 img-dreta us_animate_this align_center\" id=\"img-dreta\"><div class=\"w-image-h\"><img loading=\"lazy\" decoding=\"async\" width=\"1536\" height=\"1486\" src=\"https:\/\/cyclosphera.com\/wp-content\/uploads\/2022\/08\/servei-curses1.jpg\" class=\"attachment-full size-full\" alt=\"\" srcset=\"https:\/\/cyclosphera.com\/wp-content\/uploads\/2022\/08\/servei-curses1.jpg 1536w, https:\/\/cyclosphera.com\/wp-content\/uploads\/2022\/08\/servei-curses1-300x290.jpg 300w, https:\/\/cyclosphera.com\/wp-content\/uploads\/2022\/08\/servei-curses1-1024x991.jpg 1024w, https:\/\/cyclosphera.com\/wp-content\/uploads\/2022\/08\/servei-curses1-413x400.jpg 413w, https:\/\/cyclosphera.com\/wp-content\/uploads\/2022\/08\/servei-curses1-620x600.jpg 620w, https:\/\/cyclosphera.com\/wp-content\/uploads\/2022\/08\/servei-curses1-258x250.jpg 258w\" sizes=\"auto, (max-width: 1536px) 100vw, 1536px\" \/><\/div><\/div><\/div><\/div><\/div><\/div><\/section><!-- Row Backgrounds --><div class=\"upb_color\" data-bg-override=\"0\" data-bg-color=\"#e8e8e8\" data-fadeout=\"fadeout_row_value\" data-fadeout-percentage=\"100\" data-parallax-content=\"parallax_content_value\" data-parallax-content-sense=\"70\" data-row-effect-mobile-disable=\"true\" data-img-parallax-mobile-disable=\"true\" data-rtl=\"false\"  data-custom-vc-row=\"\"  data-vc=\"6.7.0\"  data-is_old_vc=\"\"  data-theme-support=\"\"   data-overlay=\"false\" data-overlay-color=\"\" data-overlay-pattern=\"\" data-overlay-pattern-opacity=\"\" data-overlay-pattern-size=\"\"    data-seperator=\"true\"  data-seperator-type=\"tilt_left_seperator\"  data-seperator-shape-size=\"40\"  data-seperator-svg-height=\"60\"  data-seperator-full-width=\"true\" data-seperator-position=\"top_seperator\"  data-seperator-background-color=\"#fff\"  data-icon=\"\"  ><\/div><section class=\"l-section wpb_row height_medium\"><div class=\"l-section-h i-cf\"><div class=\"g-cols via_grid cols_2 laptops-cols_inherit tablets-cols_inherit mobiles-cols_1 valign_middle type_default\"><div class=\"wpb_column vc_column_container\"><div class=\"vc_column-inner\"><div class=\"w-image us_custom_8f7b07a9 img-esquerra us_animate_this align_center\" id=\"img-esquerra\"><div class=\"w-image-h\"><img loading=\"lazy\" decoding=\"async\" width=\"2000\" height=\"1120\" src=\"https:\/\/cyclosphera.com\/wp-content\/uploads\/2022\/08\/Servei-en-ruta.jpeg\" class=\"attachment-full size-full\" alt=\"\" srcset=\"https:\/\/cyclosphera.com\/wp-content\/uploads\/2022\/08\/Servei-en-ruta.jpeg 2000w, https:\/\/cyclosphera.com\/wp-content\/uploads\/2022\/08\/Servei-en-ruta-300x168.jpeg 300w, https:\/\/cyclosphera.com\/wp-content\/uploads\/2022\/08\/Servei-en-ruta-1024x573.jpeg 1024w, https:\/\/cyclosphera.com\/wp-content\/uploads\/2022\/08\/Servei-en-ruta-600x336.jpeg 600w, https:\/\/cyclosphera.com\/wp-content\/uploads\/2022\/08\/Servei-en-ruta-800x448.jpeg 800w, https:\/\/cyclosphera.com\/wp-content\/uploads\/2022\/08\/Servei-en-ruta-400x224.jpeg 400w\" sizes=\"auto, (max-width: 2000px) 100vw, 2000px\" \/><\/div><\/div><\/div><\/div><div class=\"wpb_column vc_column_container\"><div class=\"vc_column-inner\"><div class=\"w-separator size_small\"><\/div><div class=\"wpb_text_column\"><div class=\"wpb_wrapper\"><h3 style=\"text-align: center;\"><strong>Serveis en ruta<\/strong><\/h3>\n<\/div><\/div><div class=\"w-separator size_custom with_line width_50 thick_3 style_solid color_secondary align_center\" style=\"height:20px\"><div class=\"w-separator-h\"><\/div><\/div><div class=\"w-separator size_small\"><\/div><div class=\"wpb_text_column\"><div class=\"wpb_wrapper\"><p style=\"text-align: center;\">Un servei d\u2019assist\u00e8ncia fet per als amants del gravel i carretera. Per aquestes sortides d\u2019un o varis dies amb cents de quil\u00f2metres per endavant. Podem ocupar-nos de tot: nutrici\u00f3, hidrataci\u00f3, mec\u00e0nica, allotjament, menjars,&#8230; Diga\u2019ns el que necessites i t\u2019ho preparem!<\/p>\n<\/div><\/div><\/div><\/div><\/div><\/div><\/section><!-- Row Backgrounds --><div class=\"upb_color\" data-bg-override=\"0\" data-bg-color=\"#ffffff\" data-fadeout=\"fadeout_row_value\" data-fadeout-percentage=\"100\" data-parallax-content=\"parallax_content_value\" data-parallax-content-sense=\"70\" data-row-effect-mobile-disable=\"true\" data-img-parallax-mobile-disable=\"true\" data-rtl=\"false\"  data-custom-vc-row=\"\"  data-vc=\"6.7.0\"  data-is_old_vc=\"\"  data-theme-support=\"\"   data-overlay=\"false\" data-overlay-color=\"\" data-overlay-pattern=\"\" data-overlay-pattern-opacity=\"\" data-overlay-pattern-size=\"\"    ><\/div>\n","protected":false},"excerpt":{"rendered":"Taller Taller Mec\u00e0nica integral de la bicicleta. Som un taller multimarca. Des d\u2019una punxada fins a preparar-te la bici per a una gran cursa. Reparem suspensions, diagn\u00f2stic i reparaci\u00f3 de Shimano Di2 i SRAM, centrat i muntatge de rodes, entre moltes altres coses. Vine a veure\u2019ns i et buscarem la millor soluci\u00f3. Neteja amb ultrasons...","protected":false},"author":1,"featured_media":0,"parent":0,"menu_order":0,"comment_status":"closed","ping_status":"closed","template":"","meta":{"om_disable_all_campaigns":false,"footnotes":""},"class_list":["post-1000","page","type-page","status-publish","hentry"],"aioseo_notices":[],"_links":{"self":[{"href":"https:\/\/cyclosphera.com\/ca\/wp-json\/wp\/v2\/pages\/1000","targetHints":{"allow":["GET"]}}],"collection":[{"href":"https:\/\/cyclosphera.com\/ca\/wp-json\/wp\/v2\/pages"}],"about":[{"href":"https:\/\/cyclosphera.com\/ca\/wp-json\/wp\/v2\/types\/page"}],"author":[{"embeddable":true,"href":"https:\/\/cyclosphera.com\/ca\/wp-json\/wp\/v2\/users\/1"}],"replies":[{"embeddable":true,"href":"https:\/\/cyclosphera.com\/ca\/wp-json\/wp\/v2\/comments?post=1000"}],"version-history":[{"count":11,"href":"https:\/\/cyclosphera.com\/ca\/wp-json\/wp\/v2\/pages\/1000\/revisions"}],"predecessor-version":[{"id":2380,"href":"https:\/\/cyclosphera.com\/ca\/wp-json\/wp\/v2\/pages\/1000\/revisions\/2380"}],"wp:attachment":[{"href":"https:\/\/cyclosphera.com\/ca\/wp-json\/wp\/v2\/media?parent=1000"}],"curies":[{"name":"wp","href":"https:\/\/api.w.org\/{rel}","templated":true}]}}